{"id":6445,"date":"2026-02-06T17:07:19","date_gmt":"2026-02-06T17:07:19","guid":{"rendered":"https:\/\/new.valenciaandgo.com\/?post_type=product&#038;p=6445"},"modified":"2026-04-23T07:09:27","modified_gmt":"2026-04-23T07:09:27","slug":"pack-excursion-to-the-caves-of-san-jose","status":"publish","type":"product","link":"https:\/\/www.valenciaandgo.com\/en\/packs-descuento\/pack-excursion-a-las-cuevas-de-san-jose\/","title":{"rendered":"Pack - Excursion to the San Jos\u00e9 Caves"},"content":{"rendered":"<div data-elementor-type=\"wp-post\" data-elementor-id=\"6445\" class=\"elementor elementor-6445\" data-elementor-post-type=\"product\">\n\t\t\t\t<div class=\"elementor-element elementor-element-54a91c5 e-flex e-con-boxed e-con e-parent\" data-id=\"54a91c5\" data-element_type=\"container\" data-e-type=\"container\">\n\t\t\t\t\t<div class=\"e-con-inner\">\n\t\t\t\t<div class=\"elementor-element elementor-element-51af164 elementor-widget elementor-widget-text-editor\" data-id=\"51af164\" data-element_type=\"widget\" data-e-type=\"widget\" data-widget_type=\"text-editor.default\">\n\t\t\t\t\t\t\t\t\t<p class=\" translation-block\">Delve into the <strong>heart of the earth<\/strong> to discover the <strong>hidden beauty of the Caves of San Jos\u00e9<\/strong>.<\/p>\t\t\t\t\t\t\t\t<\/div>\n\t\t\t\t<div class=\"elementor-element elementor-element-18716518 elementor-widget elementor-widget-heading\" data-id=\"18716518\" data-element_type=\"widget\" data-e-type=\"widget\" data-widget_type=\"heading.default\">\n\t\t\t\t\t<h3 class=\"elementor-heading-title elementor-size-default\">Highlights<\/h3>\t\t\t\t<\/div>\n\t\t\t\t<div class=\"elementor-element elementor-element-351a7c78 elementor-align-start elementor-icon-list--layout-traditional elementor-list-item-link-full_width elementor-widget elementor-widget-icon-list\" data-id=\"351a7c78\" data-element_type=\"widget\" data-e-type=\"widget\" data-widget_type=\"icon-list.default\">\n\t\t\t\t\t\t\t<ul class=\"elementor-icon-list-items\">\n\t\t\t\t\t\t\t<li class=\"elementor-icon-list-item\">\n\t\t\t\t\t\t\t\t\t\t\t<span class=\"elementor-icon-list-icon\">\n\t\t\t\t\t\t\t<i aria-hidden=\"true\" class=\"gem-elegant arrow-carrot-2right-alt2\"><\/i>\t\t\t\t\t\t<\/span>\n\t\t\t\t\t\t\t\t\t\t<span class=\"elementor-icon-list-text\">Navigate Europe's longest underground river <\/span>\n\t\t\t\t\t\t\t\t\t<\/li>\n\t\t\t\t\t\t\t\t<li class=\"elementor-icon-list-item\">\n\t\t\t\t\t\t\t\t\t\t\t<span class=\"elementor-icon-list-icon\">\n\t\t\t\t\t\t\t<i aria-hidden=\"true\" class=\"gem-elegant arrow-carrot-2right-alt2\"><\/i>\t\t\t\t\t\t<\/span>\n\t\t\t\t\t\t\t\t\t\t<span class=\"elementor-icon-list-text\">Contemplate the incredible views of the Sierra de Espad\u00e1n Natural Park. <\/span>\n\t\t\t\t\t\t\t\t\t<\/li>\n\t\t\t\t\t\t\t\t<li class=\"elementor-icon-list-item\">\n\t\t\t\t\t\t\t\t\t\t\t<span class=\"elementor-icon-list-icon\">\n\t\t\t\t\t\t\t<i aria-hidden=\"true\" class=\"gem-elegant arrow-carrot-2right-alt2\"><\/i>\t\t\t\t\t\t<\/span>\n\t\t\t\t\t\t\t\t\t\t<span class=\"elementor-icon-list-text\">Enjoy a peripheral view of the city explained by an official guide.<\/span>\n\t\t\t\t\t\t\t\t\t<\/li>\n\t\t\t\t\t\t<\/ul>\n\t\t\t\t\t\t<\/div>\n\t\t\t\t<div class=\"elementor-element elementor-element-4040e39 elementor-widget-divider--view-line elementor-widget elementor-widget-divider\" data-id=\"4040e39\" data-element_type=\"widget\" data-e-type=\"widget\" data-widget_type=\"divider.default\">\n\t\t\t\t\t\t\t<div class=\"elementor-divider\">\n\t\t\t<span class=\"elementor-divider-separator\">\n\t\t\t\t\t\t<\/span>\n\t\t<\/div>\n\t\t\t\t\t\t<\/div>\n\t\t\t\t<div class=\"elementor-element elementor-element-644292e8 elementor-widget elementor-widget-heading\" data-id=\"644292e8\" data-element_type=\"widget\" data-e-type=\"widget\" data-widget_type=\"heading.default\">\n\t\t\t\t\t<h3 class=\"elementor-heading-title elementor-size-default\">Description<\/h3>\t\t\t\t<\/div>\n\t\t\t\t<div class=\"elementor-element elementor-element-26ccae22 elementor-widget elementor-widget-text-editor\" data-id=\"26ccae22\" data-element_type=\"widget\" data-e-type=\"widget\" data-widget_type=\"text-editor.default\">\n\t\t\t\t\t\t\t\t\t<p class=\" translation-block\"><strong>The Caves of San Jos\u00e9 in Valencia: a natural wonder full of mysteries<\/strong><br>Located in the heart of the Vall d'Uix\u00f3, the Caves of San Jos\u00e9 form a <strong>natural spectacle like no other<\/strong>. This cave system is home to the <strong>longest navigable underground river in Europe<\/strong>, with a length of <strong>3000 metres<\/strong>, where history and geology merge to create a dreamlike landscape.<\/p><p class=\" translation-block\">The route of the visit will be 1 kilometre: <strong>850 metres by boat<\/strong>, accompanied by a professional boatman-guide, and <strong>250 metres on foot<\/strong>. Inside you will see large galleries, stalactite-covered ceilings and spaces known as <strong>\u2018the cathedral\u2019<\/strong> or the <strong>\u2018bat room\u2019<\/strong>.<\/p><p class=\" translation-block\">We will reveal the origins of the San Jos\u00e9 caves and their evolution over the years. In addition, you will be able to contemplate impressive views of the <strong>Sierra de Espad\u00e1n Natural Park<\/strong>, from an ancient Iberian settlement located just above the entrance to the caves.<\/p><p class=\" translation-block\">The San Jos\u00e9 caves are a <strong>hidden treasure trove<\/strong> in the depths with many mysteries still to be solved. Dare to enter them with Valencia&amp;Go. Your adventure starts here!<\/p><p class=\" translation-block\"><strong>Transport and entrance fees to the Caves of San Jos\u00e9 included<\/strong><br>We will take care of everything so you can enjoy a carefree day.<\/p>\t\t\t\t\t\t\t\t<\/div>\n\t\t\t\t<div class=\"elementor-element elementor-element-5f9709ed elementor-widget-divider--view-line elementor-widget elementor-widget-divider\" data-id=\"5f9709ed\" data-element_type=\"widget\" data-e-type=\"widget\" data-widget_type=\"divider.default\">\n\t\t\t\t\t\t\t<div class=\"elementor-divider\">\n\t\t\t<span class=\"elementor-divider-separator\">\n\t\t\t\t\t\t<\/span>\n\t\t<\/div>\n\t\t\t\t\t\t<\/div>\n\t\t\t\t<div class=\"elementor-element elementor-element-65609295 elementor-widget elementor-widget-heading\" data-id=\"65609295\" data-element_type=\"widget\" data-e-type=\"widget\" data-widget_type=\"heading.default\">\n\t\t\t\t\t<h3 class=\"elementor-heading-title elementor-size-default\">Important information<\/h3>\t\t\t\t<\/div>\n\t\t\t\t<div class=\"elementor-element elementor-element-5492a401 elementor-widget elementor-widget-text-editor\" data-id=\"5492a401\" data-element_type=\"widget\" data-e-type=\"widget\" data-widget_type=\"text-editor.default\">\n\t\t\t\t\t\t\t\t\t<p class=\" translation-block\">The <strong>collection time<\/strong> <strong>is approximate<\/strong>; we will send a message via Whatsapp the day before the activity to confirm the time and place.<\/p><p class=\" translation-block\">It is crucial to <strong>provide a valid telephone number<\/strong>; we cannot be held responsible if there are errors in the number and the information is not received.<\/p><p class=\" translation-block\">We suggest downloading <strong>Whatsapp<\/strong>, a free and easy to use application. In case you do not have WhatsApp, we will send the information by email to ensure its reception.<\/p>\t\t\t\t\t\t\t\t<\/div>\n\t\t\t\t<div class=\"elementor-element elementor-element-0e906ae elementor-widget elementor-widget-text-editor\" data-id=\"0e906ae\" data-element_type=\"widget\" data-e-type=\"widget\" data-widget_type=\"text-editor.default\">\n\t\t\t\t\t\t\t\t\t<p class=\" translation-block\">*Groups in Italian operate on Mondays, Wednesdays and Fridays.<br>*Groups in Polish operate on Tuesdays and Fridays.<\/p>\t\t\t\t\t\t\t\t<\/div>\n\t\t\t\t<div class=\"elementor-element elementor-element-6bc59b8a elementor-widget-divider--view-line elementor-widget elementor-widget-divider\" data-id=\"6bc59b8a\" data-element_type=\"widget\" data-e-type=\"widget\" data-widget_type=\"divider.default\">\n\t\t\t\t\t\t\t<div class=\"elementor-divider\">\n\t\t\t<span class=\"elementor-divider-separator\">\n\t\t\t\t\t\t<\/span>\n\t\t<\/div>\n\t\t\t\t\t\t<\/div>\n\t\t\t\t<div class=\"elementor-element elementor-element-6ef07322 elementor-widget elementor-widget-heading\" data-id=\"6ef07322\" data-element_type=\"widget\" data-e-type=\"widget\" data-widget_type=\"heading.default\">\n\t\t\t\t\t<h3 class=\"elementor-heading-title elementor-size-default\">Meeting point<\/h3>\t\t\t\t<\/div>\n\t\t\t\t<div class=\"elementor-element elementor-element-50b6f3a6 elementor-widget elementor-widget-text-editor\" data-id=\"50b6f3a6\" data-element_type=\"widget\" data-e-type=\"widget\" data-widget_type=\"text-editor.default\">\n\t\t\t\t\t\t\t\t\t<p>\u25b6 <strong>In the morning (every day):<\/strong><\/p><p>Choose the collection point closest to you:<\/p><ul><li><strong>8:00h<\/strong> - NH Valencia Center Hotel<\/li><li class=\" translation-block\"><strong>8:15h<\/strong> - Serranos Towers (next to the stairs to the towers)<\/li><li><strong>8:30h<\/strong> - Opposite the City of Justice (near the City of Arts and Sciences), Avenida del Profesor L\u00f3pez Pi\u00f1ero, 14<\/li><\/ul><p>\u25b6 <strong>Afternoon (Tuesday and Friday only):<\/strong><br \/>We leave a little later, ideal if you prefer to take it easy.<\/p><ul><li><strong>13:00h<\/strong> - NH Valencia Center Hotel<\/li><li><strong>13:15h<\/strong> - Serranos Towers (next to the stairs leading up to the towers)<\/li><li><strong>13:30h<\/strong> - Opposite the City of Justice (near the City of Arts and Sciences), Avenida del Profesor L\u00f3pez Pi\u00f1ero, 14<\/li><\/ul><p>Don't forget to indicate your preferred pick-up point when booking.<\/p><p class=\" translation-block\">After a <strong>45-minute drive<\/strong>, you will arrive at the gateway to the <strong>Sierra de Espad\u00e1n Natural Park:<\/strong> the caves of San Jos\u00e9 are one of the entrances to this natural area.<\/p>\t\t\t\t\t\t\t\t<\/div>\n\t\t\t\t<div class=\"elementor-element elementor-element-56eeb18c elementor-widget-divider--view-line elementor-widget elementor-widget-divider\" data-id=\"56eeb18c\" data-element_type=\"widget\" data-e-type=\"widget\" data-widget_type=\"divider.default\">\n\t\t\t\t\t\t\t<div class=\"elementor-divider\">\n\t\t\t<span class=\"elementor-divider-separator\">\n\t\t\t\t\t\t<\/span>\n\t\t<\/div>\n\t\t\t\t\t\t<\/div>\n\t\t\t\t<div class=\"elementor-element elementor-element-c9a9fa9 elementor-widget elementor-widget-heading\" data-id=\"c9a9fa9\" data-element_type=\"widget\" data-e-type=\"widget\" data-widget_type=\"heading.default\">\n\t\t\t\t\t<h3 class=\"elementor-heading-title elementor-size-default\">Cruise terminal pick-up<\/h3>\t\t\t\t<\/div>\n\t\t\t\t<div class=\"elementor-element elementor-element-3799752 elementor-widget elementor-widget-text-editor\" data-id=\"3799752\" data-element_type=\"widget\" data-e-type=\"widget\" data-widget_type=\"text-editor.default\">\n\t\t\t\t\t\t\t\t\t<p class=\" translation-block\"><strong>Visit the Caves of San Jos\u00e9 from the cruise terminal.<\/strong><br>If you are travelling on a cruise and want to visit the Cuevas de San Jos\u00e9, <strong>Valencia&amp;Go<\/strong> offers you the quickest and most practical solution.<\/p><p>Our service includes:<\/p><ul><li class=\" translation-block\"><strong>Exclusive pick-up<\/strong> at the cruise terminal.<\/li><li class=\" translation-block\"><strong>Transport<\/strong> for small groups.<\/li><li class=\" translation-block\"><strong>Local official guide<\/strong>.<\/li><li><strong>Tickets<\/strong> to the Caves of San Jos\u00e9.<\/li><li class=\" translation-block\"><strong>A 45-minute panoramic view of Valencia<\/strong> on the way back from the visit to the caves.<\/li><\/ul><p>Embark on a different kind of excursion in one of the most impressive natural areas of the Valencian Community and discover the city through a premium panoramic view before saying goodbye.<\/p><p>Find out all the details here<\/p>\t\t\t\t\t\t\t\t<\/div>\n\t\t\t\t<div class=\"elementor-element elementor-element-1ae003c elementor-widget-divider--view-line elementor-widget elementor-widget-divider\" data-id=\"1ae003c\" data-element_type=\"widget\" data-e-type=\"widget\" data-widget_type=\"divider.default\">\n\t\t\t\t\t\t\t<div class=\"elementor-divider\">\n\t\t\t<span class=\"elementor-divider-separator\">\n\t\t\t\t\t\t<\/span>\n\t\t<\/div>\n\t\t\t\t\t\t<\/div>\n\t\t\t\t<div class=\"elementor-element elementor-element-41334269 elementor-widget elementor-widget-heading\" data-id=\"41334269\" data-element_type=\"widget\" data-e-type=\"widget\" data-widget_type=\"heading.default\">\n\t\t\t\t\t<h3 class=\"elementor-heading-title elementor-size-default\">Frequently Asked Questions<\/h3>\t\t\t\t<\/div>\n\t\t\t\t\t<\/div>\n\t\t\t\t<\/div>\n\t\t\t\t<\/div>","protected":false},"excerpt":{"rendered":"<p class=\" translation-block\">Delve into the <strong>heart of the earth<\/strong> to discover the <strong>hidden beauty of the Caves of San Jos\u00e9<\/strong>.<\/p>","protected":false},"featured_media":0,"template":"","meta":{"_acf_changed":false},"product_cat":[74],"product_tag":[],"class_list":{"0":"post-6445","1":"product","2":"type-product","3":"status-publish","5":"product_cat-packs-descuento","7":"first","8":"instock","9":"virtual","10":"sold-individually","11":"taxable","12":"purchasable","13":"product-type-turitop"},"acf":[],"yoast_head":"<!-- This site is optimized with the Yoast SEO plugin v27.4 - https:\/\/yoast.com\/product\/yoast-seo-wordpress\/ -->\n<title>Excursi\u00f3n para cruceros a las Cuevas de San Jos\u00e9 | Valencia&amp;Go<\/title>\n<meta name=\"description\" content=\"Excursi\u00f3n especial cruceros a las cuevas de San Jos\u00e9 con todo incluido. Descubre este entorno natural lleno de misterios m\u00e1gicos.\" \/>\n<meta name=\"robots\" content=\"index, follow, max-snippet:-1, max-image-preview:large, max-video-preview:-1\" \/>\n<link rel=\"canonical\" href=\"https:\/\/www.valenciaandgo.com\/en\/discount-packs-2\/pack-excursion-to-the-caves-of-san-jose\/\" \/>\n<meta property=\"og:locale\" content=\"en_GB\" \/>\n<meta property=\"og:type\" content=\"article\" \/>\n<meta property=\"og:title\" content=\"Excursi\u00f3n para cruceros a las Cuevas de San Jos\u00e9 | Valencia&amp;Go\" \/>\n<meta property=\"og:description\" content=\"Excursi\u00f3n especial cruceros a las cuevas de San Jos\u00e9 con todo incluido. Descubre este entorno natural lleno de misterios m\u00e1gicos.\" \/>\n<meta property=\"og:url\" content=\"https:\/\/www.valenciaandgo.com\/en\/discount-packs-2\/pack-excursion-to-the-caves-of-san-jose\/\" \/>\n<meta property=\"og:site_name\" content=\"Valencia&amp;Go\" \/>\n<meta property=\"article:publisher\" content=\"https:\/\/www.facebook.com\/valenciaandgo\/\" \/>\n<meta property=\"article:modified_time\" content=\"2026-04-23T07:09:27+00:00\" \/>\n<meta name=\"twitter:card\" content=\"summary_large_image\" \/>\n<meta name=\"twitter:label1\" content=\"Estimated reading time\" \/>\n\t<meta name=\"twitter:data1\" content=\"4 minutes\" \/>\n<script type=\"application\/ld+json\" class=\"yoast-schema-graph\">{\"@context\":\"https:\\\/\\\/schema.org\",\"@graph\":[{\"@type\":\"WebPage\",\"@id\":\"https:\\\/\\\/www.valenciaandgo.com\\\/packs-descuento\\\/pack-excursion-a-las-cuevas-de-san-jose\\\/\",\"url\":\"https:\\\/\\\/www.valenciaandgo.com\\\/packs-descuento\\\/pack-excursion-a-las-cuevas-de-san-jose\\\/\",\"name\":\"Excursi\u00f3n para cruceros a las Cuevas de San Jos\u00e9 | Valencia&Go\",\"isPartOf\":{\"@id\":\"https:\\\/\\\/www.valenciaandgo.com\\\/it\\\/#website\"},\"datePublished\":\"2026-02-06T17:07:19+00:00\",\"dateModified\":\"2026-04-23T07:09:27+00:00\",\"description\":\"Excursi\u00f3n especial cruceros a las cuevas de San Jos\u00e9 con todo incluido. Descubre este entorno natural lleno de misterios m\u00e1gicos.\",\"breadcrumb\":{\"@id\":\"https:\\\/\\\/www.valenciaandgo.com\\\/packs-descuento\\\/pack-excursion-a-las-cuevas-de-san-jose\\\/#breadcrumb\"},\"inLanguage\":\"en-GB\",\"potentialAction\":[{\"@type\":\"ReadAction\",\"target\":[\"https:\\\/\\\/www.valenciaandgo.com\\\/packs-descuento\\\/pack-excursion-a-las-cuevas-de-san-jose\\\/\"]}]},{\"@type\":\"BreadcrumbList\",\"@id\":\"https:\\\/\\\/www.valenciaandgo.com\\\/packs-descuento\\\/pack-excursion-a-las-cuevas-de-san-jose\\\/#breadcrumb\",\"itemListElement\":[{\"@type\":\"ListItem\",\"position\":1,\"name\":\"Portada\",\"item\":\"https:\\\/\\\/www.valenciaandgo.com\\\/\"},{\"@type\":\"ListItem\",\"position\":2,\"name\":\"Tours\",\"item\":\"https:\\\/\\\/www.valenciaandgo.com\\\/tours\\\/\"},{\"@type\":\"ListItem\",\"position\":3,\"name\":\"Pack &#8211; Excursi\u00f3n a las Cuevas de San Jos\u00e9\"}]},{\"@type\":\"WebSite\",\"@id\":\"https:\\\/\\\/www.valenciaandgo.com\\\/it\\\/#website\",\"url\":\"https:\\\/\\\/www.valenciaandgo.com\\\/it\\\/\",\"name\":\"Valencia&Go\",\"description\":\"Tours por Valencia y alrededores de ciudad.\",\"publisher\":{\"@id\":\"https:\\\/\\\/www.valenciaandgo.com\\\/it\\\/#organization\"},\"potentialAction\":[{\"@type\":\"SearchAction\",\"target\":{\"@type\":\"EntryPoint\",\"urlTemplate\":\"https:\\\/\\\/www.valenciaandgo.com\\\/it\\\/?s={search_term_string}\"},\"query-input\":{\"@type\":\"PropertyValueSpecification\",\"valueRequired\":true,\"valueName\":\"search_term_string\"}}],\"inLanguage\":\"en-GB\"},{\"@type\":\"Organization\",\"@id\":\"https:\\\/\\\/www.valenciaandgo.com\\\/it\\\/#organization\",\"name\":\"Valencia&Go\",\"url\":\"https:\\\/\\\/www.valenciaandgo.com\\\/it\\\/\",\"logo\":{\"@type\":\"ImageObject\",\"inLanguage\":\"en-GB\",\"@id\":\"https:\\\/\\\/www.valenciaandgo.com\\\/it\\\/#\\\/schema\\\/logo\\\/image\\\/\",\"url\":\"https:\\\/\\\/www.valenciaandgo.com\\\/wp-content\\\/uploads\\\/2025\\\/10\\\/valencia_go-svg-blnc-iso-naranja.svg\",\"contentUrl\":\"https:\\\/\\\/www.valenciaandgo.com\\\/wp-content\\\/uploads\\\/2025\\\/10\\\/valencia_go-svg-blnc-iso-naranja.svg\",\"width\":434,\"height\":102,\"caption\":\"Valencia&Go\"},\"image\":{\"@id\":\"https:\\\/\\\/www.valenciaandgo.com\\\/it\\\/#\\\/schema\\\/logo\\\/image\\\/\"},\"sameAs\":[\"https:\\\/\\\/www.facebook.com\\\/valenciaandgo\\\/\",\"https:\\\/\\\/www.instagram.com\\\/valenciaandgo\",\"https:\\\/\\\/www.linkedin.com\\\/company\\\/valencia-go\\\/\",\"https:\\\/\\\/www.tiktok.com\\\/@valenciaandgo\"]}]}<\/script>\n<!-- \/ Yoast SEO plugin. -->","yoast_head_json":{"title":"Excursion for cruisers to the Caves of San Jos\u00e9 : Valencia&amp;Go","description":"Special cruise excursion to the San Jos\u00e9 caves with all inclusive. Discover this natural environment full of magical mysteries.","robots":{"index":"index","follow":"follow","max-snippet":"max-snippet:-1","max-image-preview":"max-image-preview:large","max-video-preview":"max-video-preview:-1"},"canonical":"https:\/\/www.valenciaandgo.com\/en\/discount-packs-2\/pack-excursion-to-the-caves-of-san-jose\/","og_locale":"en_GB","og_type":"article","og_title":"Excursi\u00f3n para cruceros a las Cuevas de San Jos\u00e9 | Valencia&Go","og_description":"Excursi\u00f3n especial cruceros a las cuevas de San Jos\u00e9 con todo incluido. Descubre este entorno natural lleno de misterios m\u00e1gicos.","og_url":"https:\/\/www.valenciaandgo.com\/en\/discount-packs-2\/pack-excursion-to-the-caves-of-san-jose\/","og_site_name":"Valencia&amp;Go","article_publisher":"https:\/\/www.facebook.com\/valenciaandgo\/","article_modified_time":"2026-04-23T07:09:27+00:00","twitter_card":"summary_large_image","twitter_misc":{"Estimated reading time":"4 minutes"},"schema":{"@context":"https:\/\/schema.org","@graph":[{"@type":"WebPage","@id":"https:\/\/www.valenciaandgo.com\/packs-descuento\/pack-excursion-a-las-cuevas-de-san-jose\/","url":"https:\/\/www.valenciaandgo.com\/packs-descuento\/pack-excursion-a-las-cuevas-de-san-jose\/","name":"Excursion for cruisers to the Caves of San Jos\u00e9 : Valencia&amp;Go","isPartOf":{"@id":"https:\/\/www.valenciaandgo.com\/it\/#website"},"datePublished":"2026-02-06T17:07:19+00:00","dateModified":"2026-04-23T07:09:27+00:00","description":"Special cruise excursion to the San Jos\u00e9 caves with all inclusive. Discover this natural environment full of magical mysteries.","breadcrumb":{"@id":"https:\/\/www.valenciaandgo.com\/packs-descuento\/pack-excursion-a-las-cuevas-de-san-jose\/#breadcrumb"},"inLanguage":"en-GB","potentialAction":[{"@type":"ReadAction","target":["https:\/\/www.valenciaandgo.com\/packs-descuento\/pack-excursion-a-las-cuevas-de-san-jose\/"]}]},{"@type":"BreadcrumbList","@id":"https:\/\/www.valenciaandgo.com\/packs-descuento\/pack-excursion-a-las-cuevas-de-san-jose\/#breadcrumb","itemListElement":[{"@type":"ListItem","position":1,"name":"Portada","item":"https:\/\/www.valenciaandgo.com\/"},{"@type":"ListItem","position":2,"name":"Tours","item":"https:\/\/www.valenciaandgo.com\/tours\/"},{"@type":"ListItem","position":3,"name":"Pack &#8211; Excursi\u00f3n a las Cuevas de San Jos\u00e9"}]},{"@type":"WebSite","@id":"https:\/\/www.valenciaandgo.com\/it\/#website","url":"https:\/\/www.valenciaandgo.com\/it\/","name":"Valencia&amp;Go","description":"Tours of Valencia and the surrounding area.","publisher":{"@id":"https:\/\/www.valenciaandgo.com\/it\/#organization"},"potentialAction":[{"@type":"SearchAction","target":{"@type":"EntryPoint","urlTemplate":"https:\/\/www.valenciaandgo.com\/it\/?s={search_term_string}"},"query-input":{"@type":"PropertyValueSpecification","valueRequired":true,"valueName":"search_term_string"}}],"inLanguage":"en-GB"},{"@type":"Organization","@id":"https:\/\/www.valenciaandgo.com\/it\/#organization","name":"Valencia&amp;Go","url":"https:\/\/www.valenciaandgo.com\/it\/","logo":{"@type":"ImageObject","inLanguage":"en-GB","@id":"https:\/\/www.valenciaandgo.com\/it\/#\/schema\/logo\/image\/","url":"https:\/\/www.valenciaandgo.com\/wp-content\/uploads\/2025\/10\/valencia_go-svg-blnc-iso-naranja.svg","contentUrl":"https:\/\/www.valenciaandgo.com\/wp-content\/uploads\/2025\/10\/valencia_go-svg-blnc-iso-naranja.svg","width":434,"height":102,"caption":"Valencia&Go"},"image":{"@id":"https:\/\/www.valenciaandgo.com\/it\/#\/schema\/logo\/image\/"},"sameAs":["https:\/\/www.facebook.com\/valenciaandgo\/","https:\/\/www.instagram.com\/valenciaandgo","https:\/\/www.linkedin.com\/company\/valencia-go\/","https:\/\/www.tiktok.com\/@valenciaandgo"]}]}},"_links":{"self":[{"href":"https:\/\/www.valenciaandgo.com\/en\/wp-json\/wp\/v2\/product\/6445","targetHints":{"allow":["GET"]}}],"collection":[{"href":"https:\/\/www.valenciaandgo.com\/en\/wp-json\/wp\/v2\/product"}],"about":[{"href":"https:\/\/www.valenciaandgo.com\/en\/wp-json\/wp\/v2\/types\/product"}],"version-history":[{"count":1,"href":"https:\/\/www.valenciaandgo.com\/en\/wp-json\/wp\/v2\/product\/6445\/revisions"}],"predecessor-version":[{"id":15058,"href":"https:\/\/www.valenciaandgo.com\/en\/wp-json\/wp\/v2\/product\/6445\/revisions\/15058"}],"wp:attachment":[{"href":"https:\/\/www.valenciaandgo.com\/en\/wp-json\/wp\/v2\/media?parent=6445"}],"wp:term":[{"taxonomy":"product_cat","embeddable":true,"href":"https:\/\/www.valenciaandgo.com\/en\/wp-json\/wp\/v2\/product_cat?post=6445"},{"taxonomy":"product_tag","embeddable":true,"href":"https:\/\/www.valenciaandgo.com\/en\/wp-json\/wp\/v2\/product_tag?post=6445"}],"curies":[{"name":"wp","href":"https:\/\/api.w.org\/{rel}","templated":true}]}}