{"id":6447,"date":"2026-02-06T17:08:49","date_gmt":"2026-02-06T17:08:49","guid":{"rendered":"https:\/\/new.valenciaandgo.com\/?post_type=product&#038;p=6447"},"modified":"2026-03-30T16:23:18","modified_gmt":"2026-03-30T16:23:18","slug":"utiel-requena-winery-excursion-pack-with-wine-tasting-in-the-vineyard","status":"publish","type":"product","link":"https:\/\/www.valenciaandgo.com\/en\/packs-descuento\/pack-excursion-bodegas-utiel-requena-con-cata-en-vina\/","title":{"rendered":"Pack - Excursion to Utiel-Requena Wineries with tasting in vineyards"},"content":{"rendered":"<div data-elementor-type=\"wp-post\" data-elementor-id=\"6447\" class=\"elementor elementor-6447\" data-elementor-post-type=\"product\">\n\t\t\t\t<div class=\"elementor-element elementor-element-60549742 e-flex e-con-boxed e-con e-parent\" data-id=\"60549742\" data-element_type=\"container\" data-e-type=\"container\">\n\t\t\t\t\t<div class=\"e-con-inner\">\n\t\t\t\t<div class=\"elementor-element elementor-element-6fb7b38 elementor-widget elementor-widget-text-editor\" data-id=\"6fb7b38\" data-element_type=\"widget\" data-e-type=\"widget\" data-widget_type=\"text-editor.default\">\n\t\t\t\t\t\t\t\t\t<p class=\" translation-block\">An <strong>authentic experience<\/strong> and <strong>for the whole family<\/strong>.<\/p>\t\t\t\t\t\t\t\t<\/div>\n\t\t\t\t<div class=\"elementor-element elementor-element-622a03b elementor-widget elementor-widget-heading\" data-id=\"622a03b\" data-element_type=\"widget\" data-e-type=\"widget\" data-widget_type=\"heading.default\">\n\t\t\t\t\t<h3 class=\"elementor-heading-title elementor-size-default\">Highlights<\/h3>\t\t\t\t<\/div>\n\t\t\t\t<div class=\"elementor-element elementor-element-2fb6a250 elementor-align-start elementor-icon-list--layout-traditional elementor-list-item-link-full_width elementor-widget elementor-widget-icon-list\" data-id=\"2fb6a250\" data-element_type=\"widget\" data-e-type=\"widget\" data-widget_type=\"icon-list.default\">\n\t\t\t\t\t\t\t<ul class=\"elementor-icon-list-items\">\n\t\t\t\t\t\t\t<li class=\"elementor-icon-list-item\">\n\t\t\t\t\t\t\t\t\t\t\t<span class=\"elementor-icon-list-icon\">\n\t\t\t\t\t\t\t<i aria-hidden=\"true\" class=\"gem-elegant arrow-carrot-2right-alt2\"><\/i>\t\t\t\t\t\t<\/span>\n\t\t\t\t\t\t\t\t\t\t<span class=\"elementor-icon-list-text\">Discover the history of the Valencian Tuscany with wine tasting included.<\/span>\n\t\t\t\t\t\t\t\t\t<\/li>\n\t\t\t\t\t\t\t\t<li class=\"elementor-icon-list-item\">\n\t\t\t\t\t\t\t\t\t\t\t<span class=\"elementor-icon-list-icon\">\n\t\t\t\t\t\t\t<i aria-hidden=\"true\" class=\"gem-elegant arrow-carrot-2right-alt2\"><\/i>\t\t\t\t\t\t<\/span>\n\t\t\t\t\t\t\t\t\t\t<span class=\"elementor-icon-list-text\">Visit the historic caves of Requena through wine making<\/span>\n\t\t\t\t\t\t\t\t\t<\/li>\n\t\t\t\t\t\t\t\t<li class=\"elementor-icon-list-item\">\n\t\t\t\t\t\t\t\t\t\t\t<span class=\"elementor-icon-list-icon\">\n\t\t\t\t\t\t\t<i aria-hidden=\"true\" class=\"gem-elegant arrow-carrot-2right-alt2\"><\/i>\t\t\t\t\t\t<\/span>\n\t\t\t\t\t\t\t\t\t\t<span class=\"elementor-icon-list-text\">Enjoy 2 guided tastings with aperitif and children's area.<\/span>\n\t\t\t\t\t\t\t\t\t<\/li>\n\t\t\t\t\t\t<\/ul>\n\t\t\t\t\t\t<\/div>\n\t\t\t\t<div class=\"elementor-element elementor-element-404e5c6a elementor-widget-divider--view-line elementor-widget elementor-widget-divider\" data-id=\"404e5c6a\" data-element_type=\"widget\" data-e-type=\"widget\" data-widget_type=\"divider.default\">\n\t\t\t\t\t\t\t<div class=\"elementor-divider\">\n\t\t\t<span class=\"elementor-divider-separator\">\n\t\t\t\t\t\t<\/span>\n\t\t<\/div>\n\t\t\t\t\t\t<\/div>\n\t\t\t\t<div class=\"elementor-element elementor-element-529a52ec elementor-widget elementor-widget-heading\" data-id=\"529a52ec\" data-element_type=\"widget\" data-e-type=\"widget\" data-widget_type=\"heading.default\">\n\t\t\t\t\t<h3 class=\"elementor-heading-title elementor-size-default\">Description<\/h3>\t\t\t\t<\/div>\n\t\t\t\t<div class=\"elementor-element elementor-element-2868a2b elementor-widget elementor-widget-heading\" data-id=\"2868a2b\" data-element_type=\"widget\" data-e-type=\"widget\" data-widget_type=\"heading.default\">\n\t\t\t\t\t<h4 class=\"elementor-heading-title elementor-size-default\">Utiel and Requena, the Valencian wine villages\n<\/h4>\t\t\t\t<\/div>\n\t\t\t\t<div class=\"elementor-element elementor-element-1f4eb13b elementor-widget elementor-widget-text-editor\" data-id=\"1f4eb13b\" data-element_type=\"widget\" data-e-type=\"widget\" data-widget_type=\"text-editor.default\">\n\t\t\t\t\t\t\t\t\t<p><strong>The most important wineries in Valencia.<\/strong><\/p><p class=\" translation-block\">Less than an hour's drive from Valencia is a <strong>wine treasure trove<\/strong>: the <strong>region of Utiel<\/strong>. Known as the Tuscany of Valencia for its landscapes of vineyards and valleys, this region will captivate you with a winemaking tradition that dates back to the 7th century BC, one of the oldest in the world. A <strong>paradise for wine lovers<\/strong> where you can enjoy the diversity of flavours offered by the <strong>Denomination of Origin Utiel-Requena<\/strong>.<\/p><p class=\" translation-block\">On our excursion to the wineries of Utiel and Requena we will take you to explore the villages where this exceptional Valencian wine is produced. We will visit the <strong>vineyard fields<\/strong> and you will discover the <strong>winemaking process<\/strong>, being able to taste the grapes from the vines in August and September, and <strong>participate in the crushing of the grapes in October.<\/p><p class=\" translation-block\">The <strong>vineyards of Utiel-Requena<\/strong> is a gift for the senses, a visual symphony of natural beauty and serenity. A vast landscape of green and golden hues that change with the seasons, from lush spring to the golden autumn of the grape harvest. Rolling hills and mountains embrace the vineyards, offering majestic panoramas with picturesque villages scattered throughout. A place to unwind and immerse yourself in the harmony of land and wine.<\/p>\t\t\t\t\t\t\t\t<\/div>\n\t\t\t\t<div class=\"elementor-element elementor-element-eb0b66c elementor-widget elementor-widget-heading\" data-id=\"eb0b66c\" data-element_type=\"widget\" data-e-type=\"widget\" data-widget_type=\"heading.default\">\n\t\t\t\t\t<h4 class=\"elementor-heading-title elementor-size-default\">On our excursion we will visit two places: \n<\/h4>\t\t\t\t<\/div>\n\t\t\t\t<div class=\"elementor-element elementor-element-b3d2a5c elementor-widget elementor-widget-heading\" data-id=\"b3d2a5c\" data-element_type=\"widget\" data-e-type=\"widget\" data-widget_type=\"heading.default\">\n\t\t\t\t\t<h5 class=\"elementor-heading-title elementor-size-default\">First visit: the historic Murviedro winery in Requena, with wine tasting.<\/h5>\t\t\t\t<\/div>\n\t\t\t\t<div class=\"elementor-element elementor-element-6956d89 elementor-widget elementor-widget-text-editor\" data-id=\"6956d89\" data-element_type=\"widget\" data-e-type=\"widget\" data-widget_type=\"text-editor.default\">\n\t\t\t\t\t\t\t\t\t<p class=\" translation-block\">Our first stop will be at the emblematic <strong>Historic Winery Murviedro,<\/strong> located in the heart of the picturesque <strong>old town of Requena<\/strong>. Here, we will discover its <strong>enigmatic underground caves<\/strong>, a legacy from the 12th century originally used to store wine and foodstuffs in optimal conditions thanks to their constant temperature. In this fascinating setting, you will enjoy a <strong>guided tour<\/strong> that includes a <strong>tasting of an exquisite wine inside the caves<\/strong>.<\/p><p class=\" translation-block\">In addition, the experience continues in the main tasting room, where you can taste another two wines accompanied by a <strong>delicious aperitif.<\/strong>.<\/p><p><strong>Details<\/strong>:<\/p><ul><li>10:30h: guided tour of the caves with tasting of 3 wines and aperitif.<\/li><li>Duration of approximately 45 minutes<\/li><\/ul>\t\t\t\t\t\t\t\t<\/div>\n\t\t\t\t<div class=\"elementor-element elementor-element-03e4826 elementor-widget elementor-widget-heading\" data-id=\"03e4826\" data-element_type=\"widget\" data-e-type=\"widget\" data-widget_type=\"heading.default\">\n\t\t\t\t\t<h5 class=\"elementor-heading-title elementor-size-default\">Second visit: the Vera de Estenas Winery, in Utiel, with wine tasting.<\/h5>\t\t\t\t<\/div>\n\t\t\t\t<div class=\"elementor-element elementor-element-af0eb3b elementor-widget elementor-widget-text-editor\" data-id=\"af0eb3b\" data-element_type=\"widget\" data-e-type=\"widget\" data-widget_type=\"text-editor.default\">\n\t\t\t\t\t\t\t\t\t<p class=\" translation-block\">Unique for its setting, you will find yourself among vineyards of immense beauty that surround an authentic and well-preserved village of yesteryear. This <strong>Modernist winery dating back to 1876<\/strong> has been passed down from generation to generation, preserving the tradition, know-how and love of wine to produce the best wines in the area. You will feel at home <strong>surrounded by nature and tranquillity<\/strong>, while enjoying a <strong>guided tour<\/strong> of the imposing <strong>mas\u00eda<\/strong> and finishing with a <strong>tasting of 3 Valencian wines<\/strong> in the gardens accompanied by local cured meats and cheeses.<\/p><p><strong>Details:<\/strong><\/p><ul><li>1.5 hour visit to the winery, tasting of 3 wines from Vera de Estenas accompanied by local cheeses and sausages.<\/li><\/ul>\t\t\t\t\t\t\t\t<\/div>\n\t\t\t\t<div class=\"elementor-element elementor-element-611f9eda elementor-widget-divider--view-line elementor-widget elementor-widget-divider\" data-id=\"611f9eda\" data-element_type=\"widget\" data-e-type=\"widget\" data-widget_type=\"divider.default\">\n\t\t\t\t\t\t\t<div class=\"elementor-divider\">\n\t\t\t<span class=\"elementor-divider-separator\">\n\t\t\t\t\t\t<\/span>\n\t\t<\/div>\n\t\t\t\t\t\t<\/div>\n\t\t\t\t<div class=\"elementor-element elementor-element-3ee2181e elementor-widget elementor-widget-heading\" data-id=\"3ee2181e\" data-element_type=\"widget\" data-e-type=\"widget\" data-widget_type=\"heading.default\">\n\t\t\t\t\t<h3 class=\"elementor-heading-title elementor-size-default\">Important information<\/h3>\t\t\t\t<\/div>\n\t\t\t\t<div class=\"elementor-element elementor-element-44c821de elementor-widget elementor-widget-text-editor\" data-id=\"44c821de\" data-element_type=\"widget\" data-e-type=\"widget\" data-widget_type=\"text-editor.default\">\n\t\t\t\t\t\t\t\t\t<p><strong>Timetables:<\/strong><\/p><ul><li>Wednesdays and Sundays (except: 1 and 6 January, 19 March, 24,25 and 31 December)<\/li><li>The excursion is a half-day excursion (morning) starting at 9am and arriving in Valencia at approximately 3pm.<\/li><\/ul><p><strong>It includes:<\/strong><\/p><ul><li>Transport to and from<\/li><li>Guided tour of the Murviedro winery + Wine tasting + aperitif<\/li><li>Guided tour of the Vera de Estenas winery + Wine tasting + aperitif<\/li><li>Official guide throughout the journey<\/li><\/ul>\t\t\t\t\t\t\t\t<\/div>\n\t\t\t\t<div class=\"elementor-element elementor-element-5fa6d0d7 elementor-widget-divider--view-line elementor-widget elementor-widget-divider\" data-id=\"5fa6d0d7\" data-element_type=\"widget\" data-e-type=\"widget\" data-widget_type=\"divider.default\">\n\t\t\t\t\t\t\t<div class=\"elementor-divider\">\n\t\t\t<span class=\"elementor-divider-separator\">\n\t\t\t\t\t\t<\/span>\n\t\t<\/div>\n\t\t\t\t\t\t<\/div>\n\t\t\t\t<div class=\"elementor-element elementor-element-5d1425b elementor-widget elementor-widget-heading\" data-id=\"5d1425b\" data-element_type=\"widget\" data-e-type=\"widget\" data-widget_type=\"heading.default\">\n\t\t\t\t\t<h3 class=\"elementor-heading-title elementor-size-default\">Meeting point<\/h3>\t\t\t\t<\/div>\n\t\t\t\t<div class=\"elementor-element elementor-element-66dcee63 elementor-widget elementor-widget-text-editor\" data-id=\"66dcee63\" data-element_type=\"widget\" data-e-type=\"widget\" data-widget_type=\"text-editor.default\">\n\t\t\t\t\t\t\t\t\t<p><strong>Collections:<\/strong><br \/>We will start picking up at 9h (the time is approximate, we will send a confirmation message 1 day before to confirm all the details of the pick up).<\/p><p>\ud83d\ude8c Choose the collection point closest to you:<\/p><ul><li>NH Valencia Center Hotel<\/li><li>Serranos Towers (next to the stairs leading up to the towers)<\/li><li>In front of the City of Justice (near the City of Arts and Sciences) , Avenida del Profesor L\u00f3pez Pi\u00f1ero, 14<\/li><\/ul><p><strong>Important<\/strong>:<\/p><p>Please indicate your preferred pick-up point in the notes at the time of booking.<\/p><p>Please consult children under 7 years of age or children under 1.35 m tall. According to Spanish regulations, child seats are not required on buses. In vans, it is required. If you need a child seat, please let us know in advance.<\/p>\t\t\t\t\t\t\t\t<\/div>\n\t\t\t\t<div class=\"elementor-element elementor-element-32b1e2e6 elementor-widget-divider--view-line elementor-widget elementor-widget-divider\" data-id=\"32b1e2e6\" data-element_type=\"widget\" data-e-type=\"widget\" data-widget_type=\"divider.default\">\n\t\t\t\t\t\t\t<div class=\"elementor-divider\">\n\t\t\t<span class=\"elementor-divider-separator\">\n\t\t\t\t\t\t<\/span>\n\t\t<\/div>\n\t\t\t\t\t\t<\/div>\n\t\t\t\t<div class=\"elementor-element elementor-element-d1b7f52 elementor-widget elementor-widget-heading\" data-id=\"d1b7f52\" data-element_type=\"widget\" data-e-type=\"widget\" data-widget_type=\"heading.default\">\n\t\t\t\t\t<h3 class=\"elementor-heading-title elementor-size-default\">Frequently Asked Questions<\/h3>\t\t\t\t<\/div>\n\t\t\t\t\t<\/div>\n\t\t\t\t<\/div>\n\t\t\t\t<\/div>","protected":false},"excerpt":{"rendered":"<p>An authentic experience for the whole family<\/p>","protected":false},"featured_media":5577,"template":"","meta":{"_acf_changed":false},"product_cat":[74],"product_tag":[],"class_list":{"0":"post-6447","1":"product","2":"type-product","3":"status-publish","4":"has-post-thumbnail","6":"product_cat-packs-descuento","8":"first","9":"instock","10":"virtual","11":"sold-individually","12":"purchasable","13":"product-type-turitop"},"acf":[],"yoast_head":"<!-- This site is optimized with the Yoast SEO plugin v27.3 - https:\/\/yoast.com\/product\/yoast-seo-wordpress\/ -->\n<title>Pack - Excursi\u00f3n Bodegas Utiel-Requena con cata en vi\u00f1a - Valencia&amp;Go<\/title>\n<meta name=\"description\" content=\"Reserva la excursi\u00f3n a las bodegas de Valencia m\u00e1s espectaculares con gu\u00eda local, transporte y cata de vinos. Recorre la Toscana valenciana con Valencia&amp;Go.\" \/>\n<meta name=\"robots\" content=\"index, follow, max-snippet:-1, max-image-preview:large, max-video-preview:-1\" \/>\n<link rel=\"canonical\" href=\"https:\/\/www.valenciaandgo.com\/en\/discount-packs-2\/utiel-requena-winery-excursion-pack-with-wine-tasting-in-the-vineyard\/\" \/>\n<meta property=\"og:locale\" content=\"en_GB\" \/>\n<meta property=\"og:type\" content=\"article\" \/>\n<meta property=\"og:title\" content=\"Pack - Excursi\u00f3n Bodegas Utiel-Requena con cata en vi\u00f1a - Valencia&amp;Go\" \/>\n<meta property=\"og:description\" content=\"Reserva la excursi\u00f3n a las bodegas de Valencia m\u00e1s espectaculares con gu\u00eda local, transporte y cata de vinos. Recorre la Toscana valenciana con Valencia&amp;Go.\" \/>\n<meta property=\"og:url\" content=\"https:\/\/www.valenciaandgo.com\/en\/discount-packs-2\/utiel-requena-winery-excursion-pack-with-wine-tasting-in-the-vineyard\/\" \/>\n<meta property=\"og:site_name\" content=\"Valencia&amp;Go\" \/>\n<meta property=\"article:publisher\" content=\"https:\/\/www.facebook.com\/valenciaandgo\/\" \/>\n<meta property=\"article:modified_time\" content=\"2026-03-30T16:23:18+00:00\" \/>\n<meta property=\"og:image\" content=\"https:\/\/www.valenciaandgo.com\/wp-content\/uploads\/tours-excursiones\/04-excursion-bodegas-utiel-requena\/excursion-bodegas-utiel-requena_5.webp\" \/>\n\t<meta property=\"og:image:width\" content=\"920\" \/>\n\t<meta property=\"og:image:height\" content=\"688\" \/>\n\t<meta property=\"og:image:type\" content=\"image\/webp\" \/>\n<meta name=\"twitter:card\" content=\"summary_large_image\" \/>\n<meta name=\"twitter:label1\" content=\"Estimated reading time\" \/>\n\t<meta name=\"twitter:data1\" content=\"5 minutes\" \/>\n<script type=\"application\/ld+json\" class=\"yoast-schema-graph\">{\"@context\":\"https:\\\/\\\/schema.org\",\"@graph\":[{\"@type\":\"WebPage\",\"@id\":\"https:\\\/\\\/www.valenciaandgo.com\\\/packs-descuento\\\/pack-excursion-bodegas-utiel-requena-con-cata-en-vina\\\/\",\"url\":\"https:\\\/\\\/www.valenciaandgo.com\\\/packs-descuento\\\/pack-excursion-bodegas-utiel-requena-con-cata-en-vina\\\/\",\"name\":\"Pack - Excursi\u00f3n Bodegas Utiel-Requena con cata en vi\u00f1a - Valencia&amp;Go\",\"isPartOf\":{\"@id\":\"https:\\\/\\\/www.valenciaandgo.com\\\/it\\\/#website\"},\"primaryImageOfPage\":{\"@id\":\"https:\\\/\\\/www.valenciaandgo.com\\\/packs-descuento\\\/pack-excursion-bodegas-utiel-requena-con-cata-en-vina\\\/#primaryimage\"},\"image\":{\"@id\":\"https:\\\/\\\/www.valenciaandgo.com\\\/packs-descuento\\\/pack-excursion-bodegas-utiel-requena-con-cata-en-vina\\\/#primaryimage\"},\"thumbnailUrl\":\"https:\\\/\\\/www.valenciaandgo.com\\\/wp-content\\\/uploads\\\/tours-excursiones\\\/04-excursion-bodegas-utiel-requena\\\/excursion-bodegas-utiel-requena_5.webp\",\"datePublished\":\"2026-02-06T17:08:49+00:00\",\"dateModified\":\"2026-03-30T16:23:18+00:00\",\"description\":\"Reserva la excursi\u00f3n a las bodegas de Valencia m\u00e1s espectaculares con gu\u00eda local, transporte y cata de vinos. Recorre la Toscana valenciana con Valencia&Go.\",\"breadcrumb\":{\"@id\":\"https:\\\/\\\/www.valenciaandgo.com\\\/packs-descuento\\\/pack-excursion-bodegas-utiel-requena-con-cata-en-vina\\\/#breadcrumb\"},\"inLanguage\":\"en-GB\",\"potentialAction\":[{\"@type\":\"ReadAction\",\"target\":[\"https:\\\/\\\/www.valenciaandgo.com\\\/packs-descuento\\\/pack-excursion-bodegas-utiel-requena-con-cata-en-vina\\\/\"]}]},{\"@type\":\"ImageObject\",\"inLanguage\":\"en-GB\",\"@id\":\"https:\\\/\\\/www.valenciaandgo.com\\\/packs-descuento\\\/pack-excursion-bodegas-utiel-requena-con-cata-en-vina\\\/#primaryimage\",\"url\":\"https:\\\/\\\/www.valenciaandgo.com\\\/wp-content\\\/uploads\\\/tours-excursiones\\\/04-excursion-bodegas-utiel-requena\\\/excursion-bodegas-utiel-requena_5.webp\",\"contentUrl\":\"https:\\\/\\\/www.valenciaandgo.com\\\/wp-content\\\/uploads\\\/tours-excursiones\\\/04-excursion-bodegas-utiel-requena\\\/excursion-bodegas-utiel-requena_5.webp\",\"width\":920,\"height\":688,\"caption\":\"Cata en vi\u00f1a en Utiel-Requena\"},{\"@type\":\"BreadcrumbList\",\"@id\":\"https:\\\/\\\/www.valenciaandgo.com\\\/packs-descuento\\\/pack-excursion-bodegas-utiel-requena-con-cata-en-vina\\\/#breadcrumb\",\"itemListElement\":[{\"@type\":\"ListItem\",\"position\":1,\"name\":\"Portada\",\"item\":\"https:\\\/\\\/www.valenciaandgo.com\\\/\"},{\"@type\":\"ListItem\",\"position\":2,\"name\":\"Tours\",\"item\":\"https:\\\/\\\/www.valenciaandgo.com\\\/tours\\\/\"},{\"@type\":\"ListItem\",\"position\":3,\"name\":\"Pack &#8211; Excursi\u00f3n Bodegas Utiel-Requena con cata en vi\u00f1a\"}]},{\"@type\":\"WebSite\",\"@id\":\"https:\\\/\\\/www.valenciaandgo.com\\\/it\\\/#website\",\"url\":\"https:\\\/\\\/www.valenciaandgo.com\\\/it\\\/\",\"name\":\"Valencia&Go\",\"description\":\"Tours por Valencia y alrededores de ciudad.\",\"publisher\":{\"@id\":\"https:\\\/\\\/www.valenciaandgo.com\\\/it\\\/#organization\"},\"potentialAction\":[{\"@type\":\"SearchAction\",\"target\":{\"@type\":\"EntryPoint\",\"urlTemplate\":\"https:\\\/\\\/www.valenciaandgo.com\\\/it\\\/?s={search_term_string}\"},\"query-input\":{\"@type\":\"PropertyValueSpecification\",\"valueRequired\":true,\"valueName\":\"search_term_string\"}}],\"inLanguage\":\"en-GB\"},{\"@type\":\"Organization\",\"@id\":\"https:\\\/\\\/www.valenciaandgo.com\\\/it\\\/#organization\",\"name\":\"Valencia&Go\",\"url\":\"https:\\\/\\\/www.valenciaandgo.com\\\/it\\\/\",\"logo\":{\"@type\":\"ImageObject\",\"inLanguage\":\"en-GB\",\"@id\":\"https:\\\/\\\/www.valenciaandgo.com\\\/it\\\/#\\\/schema\\\/logo\\\/image\\\/\",\"url\":\"https:\\\/\\\/www.valenciaandgo.com\\\/wp-content\\\/uploads\\\/2025\\\/10\\\/valencia_go-svg-blnc-iso-naranja.svg\",\"contentUrl\":\"https:\\\/\\\/www.valenciaandgo.com\\\/wp-content\\\/uploads\\\/2025\\\/10\\\/valencia_go-svg-blnc-iso-naranja.svg\",\"width\":434,\"height\":102,\"caption\":\"Valencia&Go\"},\"image\":{\"@id\":\"https:\\\/\\\/www.valenciaandgo.com\\\/it\\\/#\\\/schema\\\/logo\\\/image\\\/\"},\"sameAs\":[\"https:\\\/\\\/www.facebook.com\\\/valenciaandgo\\\/\",\"https:\\\/\\\/www.instagram.com\\\/valenciaandgo\",\"https:\\\/\\\/www.linkedin.com\\\/company\\\/valencia-go\\\/\",\"https:\\\/\\\/www.tiktok.com\\\/@valenciaandgo\"]}]}<\/script>\n<!-- \/ Yoast SEO plugin. -->","yoast_head_json":{"title":"Pack - Excursion to Utiel-Requena Wineries with tasting in the vineyard - Valencia&amp;Go","description":"Book the excursion to the most spectacular wineries in Valencia with local guide, transport and wine tasting. Tour the Valencian Tuscany with Valencia&amp;Go.","robots":{"index":"index","follow":"follow","max-snippet":"max-snippet:-1","max-image-preview":"max-image-preview:large","max-video-preview":"max-video-preview:-1"},"canonical":"https:\/\/www.valenciaandgo.com\/en\/discount-packs-2\/utiel-requena-winery-excursion-pack-with-wine-tasting-in-the-vineyard\/","og_locale":"en_GB","og_type":"article","og_title":"Pack - Excursi\u00f3n Bodegas Utiel-Requena con cata en vi\u00f1a - Valencia&amp;Go","og_description":"Reserva la excursi\u00f3n a las bodegas de Valencia m\u00e1s espectaculares con gu\u00eda local, transporte y cata de vinos. Recorre la Toscana valenciana con Valencia&Go.","og_url":"https:\/\/www.valenciaandgo.com\/en\/discount-packs-2\/utiel-requena-winery-excursion-pack-with-wine-tasting-in-the-vineyard\/","og_site_name":"Valencia&amp;Go","article_publisher":"https:\/\/www.facebook.com\/valenciaandgo\/","article_modified_time":"2026-03-30T16:23:18+00:00","og_image":[{"width":920,"height":688,"url":"https:\/\/www.valenciaandgo.com\/wp-content\/uploads\/tours-excursiones\/04-excursion-bodegas-utiel-requena\/excursion-bodegas-utiel-requena_5.webp","type":"image\/webp"}],"twitter_card":"summary_large_image","twitter_misc":{"Estimated reading time":"5 minutes"},"schema":{"@context":"https:\/\/schema.org","@graph":[{"@type":"WebPage","@id":"https:\/\/www.valenciaandgo.com\/packs-descuento\/pack-excursion-bodegas-utiel-requena-con-cata-en-vina\/","url":"https:\/\/www.valenciaandgo.com\/packs-descuento\/pack-excursion-bodegas-utiel-requena-con-cata-en-vina\/","name":"Pack - Excursion to Utiel-Requena Wineries with tasting in the vineyard - Valencia&amp;Go","isPartOf":{"@id":"https:\/\/www.valenciaandgo.com\/it\/#website"},"primaryImageOfPage":{"@id":"https:\/\/www.valenciaandgo.com\/packs-descuento\/pack-excursion-bodegas-utiel-requena-con-cata-en-vina\/#primaryimage"},"image":{"@id":"https:\/\/www.valenciaandgo.com\/packs-descuento\/pack-excursion-bodegas-utiel-requena-con-cata-en-vina\/#primaryimage"},"thumbnailUrl":"https:\/\/www.valenciaandgo.com\/wp-content\/uploads\/tours-excursiones\/04-excursion-bodegas-utiel-requena\/excursion-bodegas-utiel-requena_5.webp","datePublished":"2026-02-06T17:08:49+00:00","dateModified":"2026-03-30T16:23:18+00:00","description":"Book the excursion to the most spectacular wineries in Valencia with local guide, transport and wine tasting. Tour the Valencian Tuscany with Valencia&amp;Go.","breadcrumb":{"@id":"https:\/\/www.valenciaandgo.com\/packs-descuento\/pack-excursion-bodegas-utiel-requena-con-cata-en-vina\/#breadcrumb"},"inLanguage":"en-GB","potentialAction":[{"@type":"ReadAction","target":["https:\/\/www.valenciaandgo.com\/packs-descuento\/pack-excursion-bodegas-utiel-requena-con-cata-en-vina\/"]}]},{"@type":"ImageObject","inLanguage":"en-GB","@id":"https:\/\/www.valenciaandgo.com\/packs-descuento\/pack-excursion-bodegas-utiel-requena-con-cata-en-vina\/#primaryimage","url":"https:\/\/www.valenciaandgo.com\/wp-content\/uploads\/tours-excursiones\/04-excursion-bodegas-utiel-requena\/excursion-bodegas-utiel-requena_5.webp","contentUrl":"https:\/\/www.valenciaandgo.com\/wp-content\/uploads\/tours-excursiones\/04-excursion-bodegas-utiel-requena\/excursion-bodegas-utiel-requena_5.webp","width":920,"height":688,"caption":"Cata en vi\u00f1a en Utiel-Requena"},{"@type":"BreadcrumbList","@id":"https:\/\/www.valenciaandgo.com\/packs-descuento\/pack-excursion-bodegas-utiel-requena-con-cata-en-vina\/#breadcrumb","itemListElement":[{"@type":"ListItem","position":1,"name":"Portada","item":"https:\/\/www.valenciaandgo.com\/"},{"@type":"ListItem","position":2,"name":"Tours","item":"https:\/\/www.valenciaandgo.com\/tours\/"},{"@type":"ListItem","position":3,"name":"Pack &#8211; Excursi\u00f3n Bodegas Utiel-Requena con cata en vi\u00f1a"}]},{"@type":"WebSite","@id":"https:\/\/www.valenciaandgo.com\/it\/#website","url":"https:\/\/www.valenciaandgo.com\/it\/","name":"Valencia&amp;Go","description":"Tours of Valencia and the surrounding area.","publisher":{"@id":"https:\/\/www.valenciaandgo.com\/it\/#organization"},"potentialAction":[{"@type":"SearchAction","target":{"@type":"EntryPoint","urlTemplate":"https:\/\/www.valenciaandgo.com\/it\/?s={search_term_string}"},"query-input":{"@type":"PropertyValueSpecification","valueRequired":true,"valueName":"search_term_string"}}],"inLanguage":"en-GB"},{"@type":"Organization","@id":"https:\/\/www.valenciaandgo.com\/it\/#organization","name":"Valencia&amp;Go","url":"https:\/\/www.valenciaandgo.com\/it\/","logo":{"@type":"ImageObject","inLanguage":"en-GB","@id":"https:\/\/www.valenciaandgo.com\/it\/#\/schema\/logo\/image\/","url":"https:\/\/www.valenciaandgo.com\/wp-content\/uploads\/2025\/10\/valencia_go-svg-blnc-iso-naranja.svg","contentUrl":"https:\/\/www.valenciaandgo.com\/wp-content\/uploads\/2025\/10\/valencia_go-svg-blnc-iso-naranja.svg","width":434,"height":102,"caption":"Valencia&Go"},"image":{"@id":"https:\/\/www.valenciaandgo.com\/it\/#\/schema\/logo\/image\/"},"sameAs":["https:\/\/www.facebook.com\/valenciaandgo\/","https:\/\/www.instagram.com\/valenciaandgo","https:\/\/www.linkedin.com\/company\/valencia-go\/","https:\/\/www.tiktok.com\/@valenciaandgo"]}]}},"_links":{"self":[{"href":"https:\/\/www.valenciaandgo.com\/en\/wp-json\/wp\/v2\/product\/6447","targetHints":{"allow":["GET"]}}],"collection":[{"href":"https:\/\/www.valenciaandgo.com\/en\/wp-json\/wp\/v2\/product"}],"about":[{"href":"https:\/\/www.valenciaandgo.com\/en\/wp-json\/wp\/v2\/types\/product"}],"version-history":[{"count":0,"href":"https:\/\/www.valenciaandgo.com\/en\/wp-json\/wp\/v2\/product\/6447\/revisions"}],"wp:featuredmedia":[{"embeddable":true,"href":"https:\/\/www.valenciaandgo.com\/en\/wp-json\/wp\/v2\/media\/5577"}],"wp:attachment":[{"href":"https:\/\/www.valenciaandgo.com\/en\/wp-json\/wp\/v2\/media?parent=6447"}],"wp:term":[{"taxonomy":"product_cat","embeddable":true,"href":"https:\/\/www.valenciaandgo.com\/en\/wp-json\/wp\/v2\/product_cat?post=6447"},{"taxonomy":"product_tag","embeddable":true,"href":"https:\/\/www.valenciaandgo.com\/en\/wp-json\/wp\/v2\/product_tag?post=6447"}],"curies":[{"name":"wp","href":"https:\/\/api.w.org\/{rel}","templated":true}]}}