{"id":3,"date":"2025-10-14T22:22:21","date_gmt":"2025-10-14T22:22:21","guid":{"rendered":"https:\/\/new.valenciaandgo.com\/?page_id=3"},"modified":"2026-04-01T22:29:16","modified_gmt":"2026-04-01T22:29:16","slug":"informativa-sulla-privacy","status":"publish","type":"page","link":"https:\/\/www.valenciaandgo.com\/it\/politica-de-privacidad\/","title":{"rendered":"Informativa sulla privacy"},"content":{"rendered":"<div data-elementor-type=\"wp-page\" data-elementor-id=\"3\" class=\"elementor elementor-3\" data-elementor-post-type=\"page\">\n\t\t\t\t<div class=\"elementor-element elementor-element-b2f003e e-flex e-con-boxed e-con e-child\" data-id=\"b2f003e\" data-element_type=\"container\" data-e-type=\"container\" data-settings=\"{&quot;background_background&quot;:&quot;classic&quot;,&quot;shape_divider_bottom&quot;:&quot;waves&quot;}\">\n\t\t\t\t\t<div class=\"e-con-inner\">\n\t\t\t\t<div class=\"elementor-shape elementor-shape-bottom\" aria-hidden=\"true\" data-negative=\"false\">\n\t\t\t<svg xmlns=\"http:\/\/www.w3.org\/2000\/svg\" viewbox=\"0 0 1000 100\" preserveaspectratio=\"none\">\n\t<path class=\"elementor-shape-fill\" d=\"M421.9,6.5c22.6-2.5,51.5,0.4,75.5,5.3c23.6,4.9,70.9,23.5,100.5,35.7c75.8,32.2,133.7,44.5,192.6,49.7\tc23.6,2.1,48.7,3.5,103.4-2.5c54.7-6,106.2-25.6,106.2-25.6V0H0v30.3c0,0,72,32.6,158.4,30.5c39.2-0.7,92.8-6.7,134-22.4\tc21.2-8.1,52.2-18.2,79.7-24.2C399.3,7.9,411.6,7.5,421.9,6.5z\"\/>\n<\/svg>\t\t<\/div>\n\t\t<div class=\"elementor-element elementor-element-dc652da e-con-full e-flex e-con e-child\" data-id=\"dc652da\" data-element_type=\"container\" data-e-type=\"container\">\n\t\t\t\t<div class=\"elementor-element elementor-element-4edf255 elementor-widget elementor-widget-heading\" data-id=\"4edf255\" data-element_type=\"widget\" data-e-type=\"widget\" data-widget_type=\"heading.default\">\n\t\t\t\t\t<h1 class=\"elementor-heading-title elementor-size-default\">Informativa sulla privacy<\/h1>\t\t\t\t<\/div>\n\t\t\t\t<\/div>\n\t\t\t\t\t<\/div>\n\t\t\t\t<\/div>\n\t\t<div class=\"elementor-element elementor-element-f37f247 e-flex e-con-boxed e-con e-parent\" data-id=\"f37f247\" data-element_type=\"container\" data-e-type=\"container\" data-settings=\"{&quot;background_background&quot;:&quot;classic&quot;}\">\n\t\t\t\t\t<div class=\"e-con-inner\">\n\t\t<div class=\"elementor-element elementor-element-057efa1 e-con-full e-flex e-con e-child\" data-id=\"057efa1\" data-element_type=\"container\" data-e-type=\"container\" data-settings=\"{&quot;background_background&quot;:&quot;classic&quot;}\">\n\t\t\t\t<div class=\"elementor-element elementor-element-cec0aa3 elementor-widget elementor-widget-spacer\" data-id=\"cec0aa3\" data-element_type=\"widget\" data-e-type=\"widget\" data-widget_type=\"spacer.default\">\n\t\t\t\t\t\t\t<div class=\"elementor-spacer\">\n\t\t\t<div class=\"elementor-spacer-inner\"><\/div>\n\t\t<\/div>\n\t\t\t\t\t\t<\/div>\n\t\t\t\t<div class=\"elementor-element elementor-element-03542b5 elementor-widget elementor-widget-text-editor\" data-id=\"03542b5\" data-element_type=\"widget\" data-e-type=\"widget\" data-widget_type=\"text-editor.default\">\n\t\t\t\t\t\t\t\t\t<p>Le seguenti informazioni sulla nostra Politica sulla Privacy riflettono l\u2019impegno di www.valenciaandgo.com\n (di seguito Valencia &amp; Go) a mantenere e garantire relazioni professionali sicure tramite la protezione dei dati personali, assicurando il diritto alla privacy dei nostri clienti. In questo documento spieghiamo come utilizziamo i dati personali degli utenti del portale web.<\/p>\t\t\t\t\t\t\t\t<\/div>\n\t\t\t\t<\/div>\n\t\t<div class=\"elementor-element elementor-element-74bf351 e-con-full e-flex e-con e-child\" data-id=\"74bf351\" data-element_type=\"container\" data-e-type=\"container\" data-settings=\"{&quot;background_background&quot;:&quot;classic&quot;}\">\n\t\t\t\t<div class=\"elementor-element elementor-element-bc30b88 elementor-widget elementor-widget-text-editor\" data-id=\"bc30b88\" data-element_type=\"widget\" data-e-type=\"widget\" data-widget_type=\"text-editor.default\">\n\t\t\t\t\t\t\t\t\t<p>Per \u201cDato Personale\u201d si intende qualsiasi informazione relativa a una persona fisica identificata o identificabile. Tra gli altri, sono inclusi nome, cognome, indirizzo postale ed elettronico, nonch\u00e9 numero di telefono.<\/p>\t\t\t\t\t\t\t\t<\/div>\n\t\t\t\t<\/div>\n\t\t<div class=\"elementor-element elementor-element-e3a7994 e-con-full e-flex e-con e-child\" data-id=\"e3a7994\" data-element_type=\"container\" data-e-type=\"container\" data-settings=\"{&quot;background_background&quot;:&quot;classic&quot;}\">\n\t\t\t\t<div class=\"elementor-element elementor-element-a19db6e elementor-widget elementor-widget-text-editor\" data-id=\"a19db6e\" data-element_type=\"widget\" data-e-type=\"widget\" data-widget_type=\"text-editor.default\">\n\t\t\t\t\t\t\t\t\t<p>Qualsiasi dato personale che ci fornirai visitando uno dei nostri portali web sar\u00e0 trattato in conformit\u00e0 con le norme sulla protezione dei dati e sar\u00e0 raccolto, trattato e utilizzato esclusivamente per scopi leciti, legittimi e informati. Pertanto, dettagliamo tutte le finalit\u00e0 per cui Valencia &amp; Go, titolare del sito e responsabile del trattamento, utilizza i dati personali:<\/p>\n<ul>\n<li>Gestire i moduli di contatto per rispondere alle vostre richieste di informazioni e alle questioni sollevate, nonch\u00e9 svolgere tutte le attivit\u00e0 necessarie per gestire la vendita e il prodotto acquistato, inclusa la gestione delle garanzie.<\/li>\n<li class=\" translation-block\">Nel caso del modulo di registrazione, elaborare la sua conversione in <em>utente registrato<\/em> al fine di poter eseguire le relative operazioni.<\/li>\n<li>In entrambi i casi, inviare informazioni su prodotti e servizi, inclusi eventi o attivit\u00e0 promossi da Valencia &amp; Go, che possano risultare di suo interesse.<\/li>\n<li>Inoltre, fornire informazioni su qualsiasi aspetto aziendale, commerciale o sociale dell\u2019azienda e sulle attivit\u00e0 che organizza o a cui partecipa.<\/li>\n<li>Conoscere le preferenze e gli interessi dell\u2019utente per comprendere e soddisfare meglio le sue esigenze.<\/li>\n<\/ul>\n<p>In ogni caso, si informa tutti gli utenti che la raccolta di determinati dati personali non \u00e8 obbligatoria, salvo nei campi indicati come tali. Tuttavia, la mancata compilazione di tali dati potrebbe impedire la fornitura dei Servizi che dipendono dalla conoscenza di tali informazioni, sollevando Valencia &amp; Go da qualsiasi responsabilit\u00e0 per la mancata fornitura o fornitura incompleta di tali Servizi.<\/p>\n<p>Spetta all\u2019utente l\u2019obbligo di fornire dati veritieri e mantenerli aggiornati. Di conseguenza, Valencia &amp; Go si riserva il diritto di escludere dai servizi e procedere alla cancellazione del servizio per qualsiasi utente che abbia fornito dati falsi, fatto salvo il ricorso ad altre azioni previste dalla legge.<\/p>\t\t\t\t\t\t\t\t<\/div>\n\t\t\t\t<\/div>\n\t\t<div class=\"elementor-element elementor-element-4617ff7 e-con-full e-flex e-con e-child\" data-id=\"4617ff7\" data-element_type=\"container\" data-e-type=\"container\" data-settings=\"{&quot;background_background&quot;:&quot;classic&quot;}\">\n\t\t\t\t<div class=\"elementor-element elementor-element-2d06eed elementor-widget elementor-widget-text-editor\" data-id=\"2d06eed\" data-element_type=\"widget\" data-e-type=\"widget\" data-widget_type=\"text-editor.default\">\n\t\t\t\t\t\t\t\t\t<p>La base legale per il trattamento dei suoi dati \u00e8 la risposta alle richieste presentate tramite il sito web, il che comporta l\u2019applicazione, su richiesta dell\u2019interessato, di misure precontrattuali da parte dello stesso.<\/p>\t\t\t\t\t\t\t\t<\/div>\n\t\t\t\t<\/div>\n\t\t<div class=\"elementor-element elementor-element-ede5067 e-con-full e-flex e-con e-child\" data-id=\"ede5067\" data-element_type=\"container\" data-e-type=\"container\" data-settings=\"{&quot;background_background&quot;:&quot;classic&quot;}\">\n\t\t\t\t<div class=\"elementor-element elementor-element-8e580c9 elementor-widget elementor-widget-text-editor\" data-id=\"8e580c9\" data-element_type=\"widget\" data-e-type=\"widget\" data-widget_type=\"text-editor.default\">\n\t\t\t\t\t\t\t\t\t<p>I dati saranno conservati per il tempo necessario a rispondere alle richieste, fornire il servizio richiesto e perseguire le finalit\u00e0 indicate.<\/p>\t\t\t\t\t\t\t\t<\/div>\n\t\t\t\t<\/div>\n\t\t<div class=\"elementor-element elementor-element-1a20320 e-con-full e-flex e-con e-child\" data-id=\"1a20320\" data-element_type=\"container\" data-e-type=\"container\">\n\t\t\t\t<div class=\"elementor-element elementor-element-655d733 elementor-widget elementor-widget-text-editor\" data-id=\"655d733\" data-element_type=\"widget\" data-e-type=\"widget\" data-widget_type=\"text-editor.default\">\n\t\t\t\t\t\t\t\t\t<p>I suoi dati personali non saranno comunicati a terzi. Nel caso fosse necessario condividere le sue informazioni con qualche terzo, verr\u00e0 richiesta la sua autorizzazione.<\/p>\t\t\t\t\t\t\t\t<\/div>\n\t\t\t\t<\/div>\n\t\t<div class=\"elementor-element elementor-element-af78699 e-con-full e-flex e-con e-child\" data-id=\"af78699\" data-element_type=\"container\" data-e-type=\"container\">\n\t\t\t\t<div class=\"elementor-element elementor-element-32dffbe elementor-widget elementor-widget-text-editor\" data-id=\"32dffbe\" data-element_type=\"widget\" data-e-type=\"widget\" data-widget_type=\"text-editor.default\">\n\t\t\t\t\t\t\t\t\t<p>Valencia &amp; Go presta particolare attenzione a garantire la sicurezza dei suoi dati personali. I suoi dati sono archiviati nei nostri sistemi informativi, dove abbiamo adottato e implementato misure di sicurezza tecniche e organizzative per prevenire qualsiasi perdita o uso non autorizzato da parte di terzi. Ad esempio, i nostri portali web utilizzano protocolli di crittografia dei dati Https.<\/p>\t\t\t\t\t\t\t\t<\/div>\n\t\t\t\t<\/div>\n\t\t<div class=\"elementor-element elementor-element-6e89b17 e-con-full e-flex e-con e-child\" data-id=\"6e89b17\" data-element_type=\"container\" data-e-type=\"container\">\n\t\t\t\t<div class=\"elementor-element elementor-element-a3c32b8 elementor-widget elementor-widget-text-editor\" data-id=\"a3c32b8\" data-element_type=\"widget\" data-e-type=\"widget\" data-widget_type=\"text-editor.default\">\n\t\t\t\t\t\t\t\t\t<p>Il semplice fatto di visitare il presente portale web o utilizzare i servizi di Valencia &amp; Go non implica che vengano automaticamente registrati dati personali che identifichino un Utente. Tuttavia, La informiamo che durante la navigazione sul Sito Web vengono utilizzati \u201ccookie\u201d, piccoli file di dati generati sul computer dell\u2019utente che ci permettono di ottenere le seguenti informazioni analitiche:<\/p>\n<ul>\n<li>a) La data e l\u2019ora di accesso al sito web, permettendo di identificare le ore di maggiore affluenza e di effettuare gli adeguamenti necessari per evitare problemi di sovraccarico durante le ore di punta.<\/li>\n<li>b) Il numero di visitatori giornalieri di ciascuna sezione, permettendo di identificare le aree di maggiore successo e di ampliare e migliorare i contenuti, al fine di offrire agli utenti un\u2019esperienza pi\u00f9 soddisfacente e ottimizzare il design dei contenuti.<\/li>\n<li>c) La data e l\u2019ora dell\u2019ultima visita dell\u2019utente al Sito Web, al fine di effettuare studi analitici e statistici sull\u2019utilizzo del sito.<\/li>\n<li>d) Elementi di sicurezza che intervengono nel controllo dell\u2019accesso alle aree riservate.<\/li>\n<\/ul>\n<p>Per ulteriori informazioni, consulti la nostra politica sui cookie<\/p>\t\t\t\t\t\t\t\t<\/div>\n\t\t\t\t<\/div>\n\t\t<div class=\"elementor-element elementor-element-383dc3e e-con-full e-flex e-con e-child\" data-id=\"383dc3e\" data-element_type=\"container\" data-e-type=\"container\">\n\t\t\t\t<div class=\"elementor-element elementor-element-d9b1de5 elementor-widget elementor-widget-text-editor\" data-id=\"d9b1de5\" data-element_type=\"widget\" data-e-type=\"widget\" data-widget_type=\"text-editor.default\">\n\t\t\t\t\t\t\t\t\t<p class=\" translation-block\">Tutti gli utenti possono esercitare qualsiasi diritto previsto dalla normativa sulla protezione dei dati, come il diritto di accesso, limitazione del trattamento, cancellazione, portabilit\u00e0, ecc., mediante comunicazione scritta all\u2019indirizzo <u><a href=\"mailto:info@valenciaandgo.com\" target=\"_self\">info@valenciaandgo.com\n<\/a><\/u>, utilizzando lo stesso account di posta elettronica con cui \u00e8 avvenuta la registrazione.<\/p>\t\t\t\t\t\t\t\t<\/div>\n\t\t\t\t<\/div>\n\t\t<div class=\"elementor-element elementor-element-4178778 e-con-full e-flex e-con e-child\" data-id=\"4178778\" data-element_type=\"container\" data-e-type=\"container\">\n\t\t\t\t<div class=\"elementor-element elementor-element-97fbbd0 elementor-widget elementor-widget-text-editor\" data-id=\"97fbbd0\" data-element_type=\"widget\" data-e-type=\"widget\" data-widget_type=\"text-editor.default\">\n\t\t\t\t\t\t\t\t\t<p>Qualsiasi utente pu\u00f2 opporsi all\u2019uso delle proprie informazioni per fini pubblicitari, ricerche di mercato o sviluppo di sondaggi di soddisfazione, nonch\u00e9 revocare il consenso in qualsiasi momento (senza effetto retroattivo). A tal fine, dovr\u00e0 inviare un\u2019email all\u2019indirizzo info@valenciaandgo.com\n. Quando riceve pubblicit\u00e0 via email, potr\u00e0 anche opporsi utilizzando quell\u2019indirizzo email, cliccando sul link incluso nella comunicazione e seguendo le istruzioni fornite.<\/p>\t\t\t\t\t\t\t\t<\/div>\n\t\t\t\t<\/div>\n\t\t<div class=\"elementor-element elementor-element-5fe1ebe e-con-full e-flex e-con e-child\" data-id=\"5fe1ebe\" data-element_type=\"container\" data-e-type=\"container\">\n\t\t\t\t<div class=\"elementor-element elementor-element-e26a385 elementor-widget elementor-widget-text-editor\" data-id=\"e26a385\" data-element_type=\"widget\" data-e-type=\"widget\" data-widget_type=\"text-editor.default\">\n\t\t\t\t\t\t\t\t\t<div class=\"wd-page-content main-page-wrapper\"><main id=\"main-content\" class=\"wd-content-layout content-layout-wrapper container\" role=\"main\">\n<div class=\"wd-content-area site-content\">\n<article id=\"post-3\" class=\"entry-content post-3 page type-page status-publish hentry\">\n<div class=\"wpb-content-wrapper\">\n<div class=\"vc_row wpb_row vc_row-fluid\">\n<div class=\"wpb_column vc_column_container vc_col-sm-12\">\n<div class=\"vc_column-inner\">\n<div class=\"wpb_wrapper\">\n<div class=\"wpb_text_column wpb_content_element\">\n<div class=\"wpb_wrapper\">\n<p>La nostra Politica sulla Privacy potr\u00e0 subire aggiornamenti dovuti a cambiamenti normativi o esigenze legali, nonch\u00e9 a miglioramenti e modifiche relativi al modo di offrire e fornire i nostri servizi e le funzionalit\u00e0 dell\u2019applicazione. Per questo motivo, consigliamo di consultare periodicamente la nostra Politica sulla Privacy, per avere accesso e conoscere eventuali aggiornamenti. Qualora tali cambiamenti riguardino il consenso prestato dall\u2019utente, verr\u00e0 inviata una notifica separata e indipendente per richiederlo nuovamente.<\/p>\n<p>Se durante la lettura dovesse avere dubbi o domande sulla nostra Politica sulla Privacy, oppure volesse esercitare qualche diritto o azione relativa ai suoi dati personali, La invitiamo a contattarci al seguente indirizzo email: info@valenciaandgo.com<\/p>\n<\/div>\n<\/div>\n<\/div>\n<\/div>\n<\/div>\n<\/div>\n<\/div>\n<\/article>\n<\/div>\n<\/main><\/div>\n<div class=\"wd-prefooter\">\n<div class=\"container wd-entry-content\">\n<div class=\"wpb-content-wrapper\">\n<div class=\"vc_row wpb_row vc_row-fluid vc_custom_1613551869413 vc_row-has-fill\" data-vc-full-width=\"true\" data-vc-full-width-init=\"true\">\n<div class=\"wpb_column vc_column_container vc_col-sm-4 text-left\">\n<div class=\"vc_column-inner\">\n<div class=\"wpb_wrapper\">\n<div id=\"wd-68878b95e0459\" class=\"title-wrapper wd-wpb wd-set-mb reset-last-child  wd-rs-68878b95e0459 wd-title-color-default wd-title-style-default text-center  wd-underline-colored\">\u00a0<\/div>\n<\/div>\n<\/div>\n<\/div>\n<\/div>\n<\/div>\n<\/div>\n<\/div>\t\t\t\t\t\t\t\t<\/div>\n\t\t\t\t<\/div>\n\t\t\t\t\t<\/div>\n\t\t\t\t<\/div>\n\t\t\t\t<\/div>","protected":false},"excerpt":{"rendered":"<p>La siguiente informaci\u00f3n sobre nuestra Pol\u00edtica de Privacidad refleja el compromiso de www.valenciaandgo.com (en adelante Valencia &amp; Go) por mantener y garantizar relaciones profesionales seguras mediante la protecci\u00f3n de los datos personales, garantizando el derecho a la privacidad de nuestros clientes. En este documento explicamos c\u00f3mo utilizamos los datos personales de los usuarios del portal [&hellip;]<\/p>\n","protected":false},"author":1,"featured_media":0,"parent":0,"menu_order":0,"comment_status":"closed","ping_status":"closed","template":"","meta":{"_acf_changed":false,"footnotes":""},"class_list":["post-3","page","type-page","status-publish","hentry"],"acf":[],"yoast_head":"<!-- This site is optimized with the Yoast SEO plugin v27.4 - https:\/\/yoast.com\/product\/yoast-seo-wordpress\/ -->\n<title>Pol\u00edtica de privacidad | Valencia &amp; Go<\/title>\n<meta name=\"description\" content=\"Consulta c\u00f3mo tratamos y protegemos tus datos personales, qu\u00e9 informaci\u00f3n recopilamos y cu\u00e1les son tus derechos como usuario de Valencia &amp; Go\" \/>\n<meta name=\"robots\" content=\"noindex, follow\" \/>\n<meta property=\"og:locale\" content=\"it_IT\" \/>\n<meta property=\"og:type\" content=\"article\" \/>\n<meta property=\"og:title\" content=\"Pol\u00edtica de privacidad | Valencia &amp; Go\" \/>\n<meta property=\"og:description\" content=\"Consulta c\u00f3mo tratamos y protegemos tus datos personales, qu\u00e9 informaci\u00f3n recopilamos y cu\u00e1les son tus derechos como usuario de Valencia &amp; Go\" \/>\n<meta property=\"og:url\" content=\"https:\/\/www.valenciaandgo.com\/it\/informativa-sulla-privacy\/\" \/>\n<meta property=\"og:site_name\" content=\"Valencia&amp;Go\" \/>\n<meta property=\"article:publisher\" content=\"https:\/\/www.facebook.com\/valenciaandgo\/\" \/>\n<meta property=\"article:modified_time\" content=\"2026-04-01T22:29:16+00:00\" \/>\n<meta name=\"twitter:card\" content=\"summary_large_image\" \/>\n<meta name=\"twitter:label1\" content=\"Tempo di lettura stimato\" \/>\n\t<meta name=\"twitter:data1\" content=\"5 minuti\" \/>\n<script type=\"application\/ld+json\" class=\"yoast-schema-graph\">{\"@context\":\"https:\\\/\\\/schema.org\",\"@graph\":[{\"@type\":\"WebPage\",\"@id\":\"https:\\\/\\\/www.valenciaandgo.com\\\/politica-de-privacidad\\\/\",\"url\":\"https:\\\/\\\/www.valenciaandgo.com\\\/politica-de-privacidad\\\/\",\"name\":\"Pol\u00edtica de privacidad | Valencia & Go\",\"isPartOf\":{\"@id\":\"https:\\\/\\\/www.valenciaandgo.com\\\/it\\\/#website\"},\"datePublished\":\"2025-10-14T22:22:21+00:00\",\"dateModified\":\"2026-04-01T22:29:16+00:00\",\"description\":\"Consulta c\u00f3mo tratamos y protegemos tus datos personales, qu\u00e9 informaci\u00f3n recopilamos y cu\u00e1les son tus derechos como usuario de Valencia & Go\",\"breadcrumb\":{\"@id\":\"https:\\\/\\\/www.valenciaandgo.com\\\/politica-de-privacidad\\\/#breadcrumb\"},\"inLanguage\":\"it-IT\",\"potentialAction\":[{\"@type\":\"ReadAction\",\"target\":[\"https:\\\/\\\/www.valenciaandgo.com\\\/politica-de-privacidad\\\/\"]}]},{\"@type\":\"BreadcrumbList\",\"@id\":\"https:\\\/\\\/www.valenciaandgo.com\\\/politica-de-privacidad\\\/#breadcrumb\",\"itemListElement\":[{\"@type\":\"ListItem\",\"position\":1,\"name\":\"Portada\",\"item\":\"https:\\\/\\\/www.valenciaandgo.com\\\/\"},{\"@type\":\"ListItem\",\"position\":2,\"name\":\"Pol\u00edtica de privacidad\"}]},{\"@type\":\"WebSite\",\"@id\":\"https:\\\/\\\/www.valenciaandgo.com\\\/it\\\/#website\",\"url\":\"https:\\\/\\\/www.valenciaandgo.com\\\/it\\\/\",\"name\":\"Valencia&Go\",\"description\":\"Tours por Valencia y alrededores de ciudad.\",\"publisher\":{\"@id\":\"https:\\\/\\\/www.valenciaandgo.com\\\/it\\\/#organization\"},\"potentialAction\":[{\"@type\":\"SearchAction\",\"target\":{\"@type\":\"EntryPoint\",\"urlTemplate\":\"https:\\\/\\\/www.valenciaandgo.com\\\/it\\\/?s={search_term_string}\"},\"query-input\":{\"@type\":\"PropertyValueSpecification\",\"valueRequired\":true,\"valueName\":\"search_term_string\"}}],\"inLanguage\":\"it-IT\"},{\"@type\":\"Organization\",\"@id\":\"https:\\\/\\\/www.valenciaandgo.com\\\/it\\\/#organization\",\"name\":\"Valencia&Go\",\"url\":\"https:\\\/\\\/www.valenciaandgo.com\\\/it\\\/\",\"logo\":{\"@type\":\"ImageObject\",\"inLanguage\":\"it-IT\",\"@id\":\"https:\\\/\\\/www.valenciaandgo.com\\\/it\\\/#\\\/schema\\\/logo\\\/image\\\/\",\"url\":\"https:\\\/\\\/www.valenciaandgo.com\\\/wp-content\\\/uploads\\\/2025\\\/10\\\/valencia_go-svg-blnc-iso-naranja.svg\",\"contentUrl\":\"https:\\\/\\\/www.valenciaandgo.com\\\/wp-content\\\/uploads\\\/2025\\\/10\\\/valencia_go-svg-blnc-iso-naranja.svg\",\"width\":434,\"height\":102,\"caption\":\"Valencia&Go\"},\"image\":{\"@id\":\"https:\\\/\\\/www.valenciaandgo.com\\\/it\\\/#\\\/schema\\\/logo\\\/image\\\/\"},\"sameAs\":[\"https:\\\/\\\/www.facebook.com\\\/valenciaandgo\\\/\",\"https:\\\/\\\/www.instagram.com\\\/valenciaandgo\",\"https:\\\/\\\/www.linkedin.com\\\/company\\\/valencia-go\\\/\",\"https:\\\/\\\/www.tiktok.com\\\/@valenciaandgo\"]}]}<\/script>\n<!-- \/ Yoast SEO plugin. -->","yoast_head_json":{"title":"Informativa sulla privacy | Valencia &amp; Go","description":"Scoprite come gestiamo e proteggiamo i vostri dati personali, quali informazioni raccogliamo e quali sono i vostri diritti come utenti di Valencia &amp; Go.","robots":{"index":"noindex","follow":"follow"},"og_locale":"it_IT","og_type":"article","og_title":"Pol\u00edtica de privacidad | Valencia & Go","og_description":"Consulta c\u00f3mo tratamos y protegemos tus datos personales, qu\u00e9 informaci\u00f3n recopilamos y cu\u00e1les son tus derechos como usuario de Valencia & Go","og_url":"https:\/\/www.valenciaandgo.com\/it\/informativa-sulla-privacy\/","og_site_name":"Valencia&amp;Go","article_publisher":"https:\/\/www.facebook.com\/valenciaandgo\/","article_modified_time":"2026-04-01T22:29:16+00:00","twitter_card":"summary_large_image","twitter_misc":{"Tempo di lettura stimato":"5 minuti"},"schema":{"@context":"https:\/\/schema.org","@graph":[{"@type":"WebPage","@id":"https:\/\/www.valenciaandgo.com\/politica-de-privacidad\/","url":"https:\/\/www.valenciaandgo.com\/politica-de-privacidad\/","name":"Informativa sulla privacy | Valencia &amp; Go","isPartOf":{"@id":"https:\/\/www.valenciaandgo.com\/it\/#website"},"datePublished":"2025-10-14T22:22:21+00:00","dateModified":"2026-04-01T22:29:16+00:00","description":"Scoprite come gestiamo e proteggiamo i vostri dati personali, quali informazioni raccogliamo e quali sono i vostri diritti come utenti di Valencia &amp; Go.","breadcrumb":{"@id":"https:\/\/www.valenciaandgo.com\/politica-de-privacidad\/#breadcrumb"},"inLanguage":"it-IT","potentialAction":[{"@type":"ReadAction","target":["https:\/\/www.valenciaandgo.com\/politica-de-privacidad\/"]}]},{"@type":"BreadcrumbList","@id":"https:\/\/www.valenciaandgo.com\/politica-de-privacidad\/#breadcrumb","itemListElement":[{"@type":"ListItem","position":1,"name":"Portada","item":"https:\/\/www.valenciaandgo.com\/"},{"@type":"ListItem","position":2,"name":"Pol\u00edtica de privacidad"}]},{"@type":"WebSite","@id":"https:\/\/www.valenciaandgo.com\/it\/#website","url":"https:\/\/www.valenciaandgo.com\/it\/","name":"Valencia&amp;Go","description":"Tour di Valencia e dintorni.","publisher":{"@id":"https:\/\/www.valenciaandgo.com\/it\/#organization"},"potentialAction":[{"@type":"SearchAction","target":{"@type":"EntryPoint","urlTemplate":"https:\/\/www.valenciaandgo.com\/it\/?s={search_term_string}"},"query-input":{"@type":"PropertyValueSpecification","valueRequired":true,"valueName":"search_term_string"}}],"inLanguage":"it-IT"},{"@type":"Organization","@id":"https:\/\/www.valenciaandgo.com\/it\/#organization","name":"Valencia&amp;Go","url":"https:\/\/www.valenciaandgo.com\/it\/","logo":{"@type":"ImageObject","inLanguage":"it-IT","@id":"https:\/\/www.valenciaandgo.com\/it\/#\/schema\/logo\/image\/","url":"https:\/\/www.valenciaandgo.com\/wp-content\/uploads\/2025\/10\/valencia_go-svg-blnc-iso-naranja.svg","contentUrl":"https:\/\/www.valenciaandgo.com\/wp-content\/uploads\/2025\/10\/valencia_go-svg-blnc-iso-naranja.svg","width":434,"height":102,"caption":"Valencia&Go"},"image":{"@id":"https:\/\/www.valenciaandgo.com\/it\/#\/schema\/logo\/image\/"},"sameAs":["https:\/\/www.facebook.com\/valenciaandgo\/","https:\/\/www.instagram.com\/valenciaandgo","https:\/\/www.linkedin.com\/company\/valencia-go\/","https:\/\/www.tiktok.com\/@valenciaandgo"]}]}},"_links":{"self":[{"href":"https:\/\/www.valenciaandgo.com\/it\/wp-json\/wp\/v2\/pages\/3","targetHints":{"allow":["GET"]}}],"collection":[{"href":"https:\/\/www.valenciaandgo.com\/it\/wp-json\/wp\/v2\/pages"}],"about":[{"href":"https:\/\/www.valenciaandgo.com\/it\/wp-json\/wp\/v2\/types\/page"}],"author":[{"embeddable":true,"href":"https:\/\/www.valenciaandgo.com\/it\/wp-json\/wp\/v2\/users\/1"}],"replies":[{"embeddable":true,"href":"https:\/\/www.valenciaandgo.com\/it\/wp-json\/wp\/v2\/comments?post=3"}],"version-history":[{"count":0,"href":"https:\/\/www.valenciaandgo.com\/it\/wp-json\/wp\/v2\/pages\/3\/revisions"}],"wp:attachment":[{"href":"https:\/\/www.valenciaandgo.com\/it\/wp-json\/wp\/v2\/media?parent=3"}],"curies":[{"name":"wp","href":"https:\/\/api.w.org\/{rel}","templated":true}]}}