{"id":6447,"date":"2026-02-06T17:08:49","date_gmt":"2026-02-06T17:08:49","guid":{"rendered":"https:\/\/new.valenciaandgo.com\/?post_type=product&#038;p=6447"},"modified":"2026-03-30T16:23:18","modified_gmt":"2026-03-30T16:23:18","slug":"pacchetto-escursione-alla-cantina-utiel-requena-con-degustazione-di-vini-nel-vigneto","status":"publish","type":"product","link":"https:\/\/www.valenciaandgo.com\/it\/packs-descuento\/pack-excursion-bodegas-utiel-requena-con-cata-en-vina\/","title":{"rendered":"Pacchetto - Escursione alle cantine di Utiel-Requena con degustazione nei vigneti"},"content":{"rendered":"<div data-elementor-type=\"wp-post\" data-elementor-id=\"6447\" class=\"elementor elementor-6447\" data-elementor-post-type=\"product\">\n\t\t\t\t<div class=\"elementor-element elementor-element-60549742 e-flex e-con-boxed e-con e-parent\" data-id=\"60549742\" data-element_type=\"container\" data-e-type=\"container\">\n\t\t\t\t\t<div class=\"e-con-inner\">\n\t\t\t\t<div class=\"elementor-element elementor-element-6fb7b38 elementor-widget elementor-widget-text-editor\" data-id=\"6fb7b38\" data-element_type=\"widget\" data-e-type=\"widget\" data-widget_type=\"text-editor.default\">\n\t\t\t\t\t\t\t\t\t<p class=\" translation-block\">Un'esperienza <strong>autentica<\/strong> e <strong>per tutta la famiglia<\/strong>.<\/p>\t\t\t\t\t\t\t\t<\/div>\n\t\t\t\t<div class=\"elementor-element elementor-element-622a03b elementor-widget elementor-widget-heading\" data-id=\"622a03b\" data-element_type=\"widget\" data-e-type=\"widget\" data-widget_type=\"heading.default\">\n\t\t\t\t\t<h3 class=\"elementor-heading-title elementor-size-default\">Punti salienti<\/h3>\t\t\t\t<\/div>\n\t\t\t\t<div class=\"elementor-element elementor-element-2fb6a250 elementor-align-start elementor-icon-list--layout-traditional elementor-list-item-link-full_width elementor-widget elementor-widget-icon-list\" data-id=\"2fb6a250\" data-element_type=\"widget\" data-e-type=\"widget\" data-widget_type=\"icon-list.default\">\n\t\t\t\t\t\t\t<ul class=\"elementor-icon-list-items\">\n\t\t\t\t\t\t\t<li class=\"elementor-icon-list-item\">\n\t\t\t\t\t\t\t\t\t\t\t<span class=\"elementor-icon-list-icon\">\n\t\t\t\t\t\t\t<i aria-hidden=\"true\" class=\"gem-elegant arrow-carrot-2right-alt2\"><\/i>\t\t\t\t\t\t<\/span>\n\t\t\t\t\t\t\t\t\t\t<span class=\"elementor-icon-list-text\">Conoscere la storia della Toscana valenciana con degustazione di vini inclusa.<\/span>\n\t\t\t\t\t\t\t\t\t<\/li>\n\t\t\t\t\t\t\t\t<li class=\"elementor-icon-list-item\">\n\t\t\t\t\t\t\t\t\t\t\t<span class=\"elementor-icon-list-icon\">\n\t\t\t\t\t\t\t<i aria-hidden=\"true\" class=\"gem-elegant arrow-carrot-2right-alt2\"><\/i>\t\t\t\t\t\t<\/span>\n\t\t\t\t\t\t\t\t\t\t<span class=\"elementor-icon-list-text\">Visitare le grotte storiche di Requena attraverso la produzione di vino<\/span>\n\t\t\t\t\t\t\t\t\t<\/li>\n\t\t\t\t\t\t\t\t<li class=\"elementor-icon-list-item\">\n\t\t\t\t\t\t\t\t\t\t\t<span class=\"elementor-icon-list-icon\">\n\t\t\t\t\t\t\t<i aria-hidden=\"true\" class=\"gem-elegant arrow-carrot-2right-alt2\"><\/i>\t\t\t\t\t\t<\/span>\n\t\t\t\t\t\t\t\t\t\t<span class=\"elementor-icon-list-text\">Godetevi 2 degustazioni guidate con aperitivo e area bambini.<\/span>\n\t\t\t\t\t\t\t\t\t<\/li>\n\t\t\t\t\t\t<\/ul>\n\t\t\t\t\t\t<\/div>\n\t\t\t\t<div class=\"elementor-element elementor-element-404e5c6a elementor-widget-divider--view-line elementor-widget elementor-widget-divider\" data-id=\"404e5c6a\" data-element_type=\"widget\" data-e-type=\"widget\" data-widget_type=\"divider.default\">\n\t\t\t\t\t\t\t<div class=\"elementor-divider\">\n\t\t\t<span class=\"elementor-divider-separator\">\n\t\t\t\t\t\t<\/span>\n\t\t<\/div>\n\t\t\t\t\t\t<\/div>\n\t\t\t\t<div class=\"elementor-element elementor-element-529a52ec elementor-widget elementor-widget-heading\" data-id=\"529a52ec\" data-element_type=\"widget\" data-e-type=\"widget\" data-widget_type=\"heading.default\">\n\t\t\t\t\t<h3 class=\"elementor-heading-title elementor-size-default\">Descrizione<\/h3>\t\t\t\t<\/div>\n\t\t\t\t<div class=\"elementor-element elementor-element-2868a2b elementor-widget elementor-widget-heading\" data-id=\"2868a2b\" data-element_type=\"widget\" data-e-type=\"widget\" data-widget_type=\"heading.default\">\n\t\t\t\t\t<h4 class=\"elementor-heading-title elementor-size-default\">Utiel e Requena, i paesi del vino valenciano\n<\/h4>\t\t\t\t<\/div>\n\t\t\t\t<div class=\"elementor-element elementor-element-1f4eb13b elementor-widget elementor-widget-text-editor\" data-id=\"1f4eb13b\" data-element_type=\"widget\" data-e-type=\"widget\" data-widget_type=\"text-editor.default\">\n\t\t\t\t\t\t\t\t\t<p><strong>Le cantine pi\u00f9 importanti di Valencia.<\/strong><\/p><p class=\" translation-block\">A meno di un'ora di auto da Valencia si trova un <strong>scrigno di vini<\/strong>: la <strong>regione di Utiel<\/strong>. Conosciuta come la Toscana di Valencia per i suoi paesaggi di vigneti e valli, questa regione vi affasciner\u00e0 con una tradizione vinicola che risale al VII secolo a.C., una delle pi\u00f9 antiche al mondo. Un <strong>paradiso per gli amanti del vino<\/strong> dove potrete godere della diversit\u00e0 di sapori offerti dalla <strong>Denominazione di Origine Utiel-Requena<\/strong>.<\/p><p class=\" translation-block\">Durante la nostra escursione alle cantine di Utiel e Requena vi porteremo alla scoperta dei villaggi in cui si produce questo eccezionale vino valenciano. Visiteremo i <strong>campi viticoli<\/strong> e scoprirete il <strong>processo di vinificazione<\/strong>, potendo assaggiare l'uva dalle vigne in agosto e settembre, e <strong>partecipare alla pigiatura dell'uva in ottobre.<\/p><p class=\" translation-block\">I <strong>vigneti di Utiel-Requena<\/strong> sono un dono per i sensi, una sinfonia visiva di bellezza naturale e serenit\u00e0. Un vasto paesaggio di sfumature verdi e dorate che cambiano con le stagioni, dalla primavera rigogliosa all'autunno dorato della vendemmia. Dolci colline e montagne abbracciano i vigneti, offrendo panorami maestosi e villaggi pittoreschi sparsi. Un luogo dove rilassarsi e immergersi nell'armonia della terra e del vino.<\/p>\t\t\t\t\t\t\t\t<\/div>\n\t\t\t\t<div class=\"elementor-element elementor-element-eb0b66c elementor-widget elementor-widget-heading\" data-id=\"eb0b66c\" data-element_type=\"widget\" data-e-type=\"widget\" data-widget_type=\"heading.default\">\n\t\t\t\t\t<h4 class=\"elementor-heading-title elementor-size-default\">Durante la nostra escursione visiteremo due luoghi: \n<\/h4>\t\t\t\t<\/div>\n\t\t\t\t<div class=\"elementor-element elementor-element-b3d2a5c elementor-widget elementor-widget-heading\" data-id=\"b3d2a5c\" data-element_type=\"widget\" data-e-type=\"widget\" data-widget_type=\"heading.default\">\n\t\t\t\t\t<h5 class=\"elementor-heading-title elementor-size-default\">Prima visita: la storica cantina Murviedro di Requena, con degustazione di vini.<\/h5>\t\t\t\t<\/div>\n\t\t\t\t<div class=\"elementor-element elementor-element-6956d89 elementor-widget elementor-widget-text-editor\" data-id=\"6956d89\" data-element_type=\"widget\" data-e-type=\"widget\" data-widget_type=\"text-editor.default\">\n\t\t\t\t\t\t\t\t\t<p class=\" translation-block\">La nostra prima tappa sar\u00e0 l'emblematica <strong>Cantina Storica Murviedro,<\/strong> situata nel cuore della pittoresca <strong>vecchia citt\u00e0 di Requena<\/strong>. Qui scopriremo le sue <strong>enigmatiche grotte sotterranee<\/strong>, eredit\u00e0 del XII secolo, originariamente utilizzate per conservare vino e alimenti in condizioni ottimali grazie alla loro temperatura costante. In questa affascinante cornice, potrete godere di una <strong>visita guidata<\/strong> che include una <strong>degustazione di uno squisito vino all'interno delle grotte<\/strong>.<\/p><p class=\" translation-block\">Inoltre, l'esperienza continua nella sala di degustazione principale, dove si possono assaggiare altri due vini accompagnati da un <strong>delizioso aperitivo&gt;.<\/p><p><strong>Dettagli<\/strong>:<\/p><ul><li>10:30: visita guidata alle grotte con degustazione di 3 vini e aperitivo.<\/li><li>Durata di circa 45 minuti<\/li><\/ul>\t\t\t\t\t\t\t\t<\/div>\n\t\t\t\t<div class=\"elementor-element elementor-element-03e4826 elementor-widget elementor-widget-heading\" data-id=\"03e4826\" data-element_type=\"widget\" data-e-type=\"widget\" data-widget_type=\"heading.default\">\n\t\t\t\t\t<h5 class=\"elementor-heading-title elementor-size-default\">Seconda visita: la Cantina Vera de Estenas, a Utiel, con degustazione di vini.<\/h5>\t\t\t\t<\/div>\n\t\t\t\t<div class=\"elementor-element elementor-element-af0eb3b elementor-widget elementor-widget-text-editor\" data-id=\"af0eb3b\" data-element_type=\"widget\" data-e-type=\"widget\" data-widget_type=\"text-editor.default\">\n\t\t\t\t\t\t\t\t\t<p class=\" translation-block\">Unica per la sua ambientazione, vi troverete tra vigneti di immensa bellezza che circondano un autentico e ben conservato villaggio d'altri tempi. Questa <strong>azienda vinicola modernista del 1876<\/strong> \u00e8 stata tramandata di generazione in generazione, conservando la tradizione, il know-how e l'amore per il vino per produrre i migliori vini della zona. Vi sentirete a casa <strong>circondati dalla natura e dalla tranquillit\u00e0<\/strong>, mentre godrete di una <strong>visita guidata<\/strong> dell'imponente <strong>mas\u00eda<\/strong> e terminerete con una <strong>degustazione di 3 vini valenciani<\/strong> nei giardini, accompagnata da salumi e formaggi locali.<\/p><p><strong>Dettagli:<\/strong><\/p><ul><li>Visita di 1,5 ore alla cantina, degustazione di 3 vini di Vera de Estenas accompagnati da formaggi e salsicce locali.<\/li><\/ul>\t\t\t\t\t\t\t\t<\/div>\n\t\t\t\t<div class=\"elementor-element elementor-element-611f9eda elementor-widget-divider--view-line elementor-widget elementor-widget-divider\" data-id=\"611f9eda\" data-element_type=\"widget\" data-e-type=\"widget\" data-widget_type=\"divider.default\">\n\t\t\t\t\t\t\t<div class=\"elementor-divider\">\n\t\t\t<span class=\"elementor-divider-separator\">\n\t\t\t\t\t\t<\/span>\n\t\t<\/div>\n\t\t\t\t\t\t<\/div>\n\t\t\t\t<div class=\"elementor-element elementor-element-3ee2181e elementor-widget elementor-widget-heading\" data-id=\"3ee2181e\" data-element_type=\"widget\" data-e-type=\"widget\" data-widget_type=\"heading.default\">\n\t\t\t\t\t<h3 class=\"elementor-heading-title elementor-size-default\">Informazioni importanti<\/h3>\t\t\t\t<\/div>\n\t\t\t\t<div class=\"elementor-element elementor-element-44c821de elementor-widget elementor-widget-text-editor\" data-id=\"44c821de\" data-element_type=\"widget\" data-e-type=\"widget\" data-widget_type=\"text-editor.default\">\n\t\t\t\t\t\t\t\t\t<p><strong>Orari:<\/strong><\/p><ul><li>Mercoled\u00ec e domenica (tranne: 1 e 6 gennaio, 19 marzo, 24, 25 e 31 dicembre)<\/li><li>L'escursione \u00e8 di mezza giornata (al mattino) con partenza alle 9 e arrivo a Valencia alle 15 circa.<\/li><\/ul><p><strong>Include:<\/strong><\/p><ul><li>Trasporto da e per<\/li><li>Visita guidata alla cantina di Murviedro + degustazione di vini + aperitivo<\/li><li>Visita guidata alla cantina Vera de Estenas + degustazione di vini + aperitivo<\/li><li>Guida ufficiale per tutto il viaggio<\/li><\/ul>\t\t\t\t\t\t\t\t<\/div>\n\t\t\t\t<div class=\"elementor-element elementor-element-5fa6d0d7 elementor-widget-divider--view-line elementor-widget elementor-widget-divider\" data-id=\"5fa6d0d7\" data-element_type=\"widget\" data-e-type=\"widget\" data-widget_type=\"divider.default\">\n\t\t\t\t\t\t\t<div class=\"elementor-divider\">\n\t\t\t<span class=\"elementor-divider-separator\">\n\t\t\t\t\t\t<\/span>\n\t\t<\/div>\n\t\t\t\t\t\t<\/div>\n\t\t\t\t<div class=\"elementor-element elementor-element-5d1425b elementor-widget elementor-widget-heading\" data-id=\"5d1425b\" data-element_type=\"widget\" data-e-type=\"widget\" data-widget_type=\"heading.default\">\n\t\t\t\t\t<h3 class=\"elementor-heading-title elementor-size-default\">Punto di incontro<\/h3>\t\t\t\t<\/div>\n\t\t\t\t<div class=\"elementor-element elementor-element-66dcee63 elementor-widget elementor-widget-text-editor\" data-id=\"66dcee63\" data-element_type=\"widget\" data-e-type=\"widget\" data-widget_type=\"text-editor.default\">\n\t\t\t\t\t\t\t\t\t<p><strong>Collezioni:<\/strong><br \/>Il ritiro inizier\u00e0 alle 9h (l'orario \u00e8 approssimativo, invieremo un messaggio di conferma 1 giorno prima per confermare tutti i dettagli del ritiro).<\/p><p>\ud83d\ude8c Scegliete il punto di raccolta pi\u00f9 vicino a voi:<\/p><ul><li>Albergo NH Valencia Center<\/li><li>Torri di Serranos (accanto alle scale che portano alle torri)<\/li><li>Di fronte alla Citt\u00e0 della Giustizia (vicino alla Citt\u00e0 delle Arti e delle Scienze) , Avenida del Profesor L\u00f3pez Pi\u00f1ero, 14<\/li><\/ul><p><strong>Importante<\/strong>:<\/p><p>Si prega di indicare il punto di raccolta preferito nelle note al momento della prenotazione.<\/p><p>Consultare i bambini di et\u00e0 inferiore a 7 anni o di altezza inferiore a 1,35 m. Secondo le normative spagnole, i seggiolini per bambini non sono obbligatori sugli autobus. Nei furgoni, invece, \u00e8 obbligatorio. Se avete bisogno di un seggiolino per bambini, vi preghiamo di comunicarcelo in anticipo.<\/p>\t\t\t\t\t\t\t\t<\/div>\n\t\t\t\t<div class=\"elementor-element elementor-element-32b1e2e6 elementor-widget-divider--view-line elementor-widget elementor-widget-divider\" data-id=\"32b1e2e6\" data-element_type=\"widget\" data-e-type=\"widget\" data-widget_type=\"divider.default\">\n\t\t\t\t\t\t\t<div class=\"elementor-divider\">\n\t\t\t<span class=\"elementor-divider-separator\">\n\t\t\t\t\t\t<\/span>\n\t\t<\/div>\n\t\t\t\t\t\t<\/div>\n\t\t\t\t<div class=\"elementor-element elementor-element-d1b7f52 elementor-widget elementor-widget-heading\" data-id=\"d1b7f52\" data-element_type=\"widget\" data-e-type=\"widget\" data-widget_type=\"heading.default\">\n\t\t\t\t\t<h3 class=\"elementor-heading-title elementor-size-default\">Domande frequenti<\/h3>\t\t\t\t<\/div>\n\t\t\t\t\t<\/div>\n\t\t\t\t<\/div>\n\t\t\t\t<\/div>","protected":false},"excerpt":{"rendered":"<p>Un'esperienza autentica per tutta la famiglia<\/p>","protected":false},"featured_media":5577,"template":"","meta":{"_acf_changed":false},"product_cat":[74],"product_tag":[],"class_list":{"0":"post-6447","1":"product","2":"type-product","3":"status-publish","4":"has-post-thumbnail","6":"product_cat-packs-descuento","8":"first","9":"instock","10":"virtual","11":"sold-individually","12":"purchasable","13":"product-type-turitop"},"acf":[],"yoast_head":"<!-- This site is optimized with the Yoast SEO plugin v27.3 - https:\/\/yoast.com\/product\/yoast-seo-wordpress\/ -->\n<title>Pack - Excursi\u00f3n Bodegas Utiel-Requena con cata en vi\u00f1a - Valencia&amp;Go<\/title>\n<meta name=\"description\" content=\"Reserva la excursi\u00f3n a las bodegas de Valencia m\u00e1s espectaculares con gu\u00eda local, transporte y cata de vinos. Recorre la Toscana valenciana con Valencia&amp;Go.\" \/>\n<meta name=\"robots\" content=\"index, follow, max-snippet:-1, max-image-preview:large, max-video-preview:-1\" \/>\n<link rel=\"canonical\" href=\"https:\/\/www.valenciaandgo.com\/it\/pacchetti-sconto\/pacchetto-escursione-alla-cantina-utiel-requena-con-degustazione-di-vini-nel-vigneto\/\" \/>\n<meta property=\"og:locale\" content=\"it_IT\" \/>\n<meta property=\"og:type\" content=\"article\" \/>\n<meta property=\"og:title\" content=\"Pack - Excursi\u00f3n Bodegas Utiel-Requena con cata en vi\u00f1a - Valencia&amp;Go\" \/>\n<meta property=\"og:description\" content=\"Reserva la excursi\u00f3n a las bodegas de Valencia m\u00e1s espectaculares con gu\u00eda local, transporte y cata de vinos. Recorre la Toscana valenciana con Valencia&amp;Go.\" \/>\n<meta property=\"og:url\" content=\"https:\/\/www.valenciaandgo.com\/it\/pacchetti-sconto\/pacchetto-escursione-alla-cantina-utiel-requena-con-degustazione-di-vini-nel-vigneto\/\" \/>\n<meta property=\"og:site_name\" content=\"Valencia&amp;Go\" \/>\n<meta property=\"article:publisher\" content=\"https:\/\/www.facebook.com\/valenciaandgo\/\" \/>\n<meta property=\"article:modified_time\" content=\"2026-03-30T16:23:18+00:00\" \/>\n<meta property=\"og:image\" content=\"https:\/\/www.valenciaandgo.com\/wp-content\/uploads\/tours-excursiones\/04-excursion-bodegas-utiel-requena\/excursion-bodegas-utiel-requena_5.webp\" \/>\n\t<meta property=\"og:image:width\" content=\"920\" \/>\n\t<meta property=\"og:image:height\" content=\"688\" \/>\n\t<meta property=\"og:image:type\" content=\"image\/webp\" \/>\n<meta name=\"twitter:card\" content=\"summary_large_image\" \/>\n<meta name=\"twitter:label1\" content=\"Tempo di lettura stimato\" \/>\n\t<meta name=\"twitter:data1\" content=\"5 minuti\" \/>\n<script type=\"application\/ld+json\" class=\"yoast-schema-graph\">{\"@context\":\"https:\\\/\\\/schema.org\",\"@graph\":[{\"@type\":\"WebPage\",\"@id\":\"https:\\\/\\\/www.valenciaandgo.com\\\/packs-descuento\\\/pack-excursion-bodegas-utiel-requena-con-cata-en-vina\\\/\",\"url\":\"https:\\\/\\\/www.valenciaandgo.com\\\/packs-descuento\\\/pack-excursion-bodegas-utiel-requena-con-cata-en-vina\\\/\",\"name\":\"Pack - Excursi\u00f3n Bodegas Utiel-Requena con cata en vi\u00f1a - Valencia&amp;Go\",\"isPartOf\":{\"@id\":\"https:\\\/\\\/www.valenciaandgo.com\\\/it\\\/#website\"},\"primaryImageOfPage\":{\"@id\":\"https:\\\/\\\/www.valenciaandgo.com\\\/packs-descuento\\\/pack-excursion-bodegas-utiel-requena-con-cata-en-vina\\\/#primaryimage\"},\"image\":{\"@id\":\"https:\\\/\\\/www.valenciaandgo.com\\\/packs-descuento\\\/pack-excursion-bodegas-utiel-requena-con-cata-en-vina\\\/#primaryimage\"},\"thumbnailUrl\":\"https:\\\/\\\/www.valenciaandgo.com\\\/wp-content\\\/uploads\\\/tours-excursiones\\\/04-excursion-bodegas-utiel-requena\\\/excursion-bodegas-utiel-requena_5.webp\",\"datePublished\":\"2026-02-06T17:08:49+00:00\",\"dateModified\":\"2026-03-30T16:23:18+00:00\",\"description\":\"Reserva la excursi\u00f3n a las bodegas de Valencia m\u00e1s espectaculares con gu\u00eda local, transporte y cata de vinos. Recorre la Toscana valenciana con Valencia&Go.\",\"breadcrumb\":{\"@id\":\"https:\\\/\\\/www.valenciaandgo.com\\\/packs-descuento\\\/pack-excursion-bodegas-utiel-requena-con-cata-en-vina\\\/#breadcrumb\"},\"inLanguage\":\"it-IT\",\"potentialAction\":[{\"@type\":\"ReadAction\",\"target\":[\"https:\\\/\\\/www.valenciaandgo.com\\\/packs-descuento\\\/pack-excursion-bodegas-utiel-requena-con-cata-en-vina\\\/\"]}]},{\"@type\":\"ImageObject\",\"inLanguage\":\"it-IT\",\"@id\":\"https:\\\/\\\/www.valenciaandgo.com\\\/packs-descuento\\\/pack-excursion-bodegas-utiel-requena-con-cata-en-vina\\\/#primaryimage\",\"url\":\"https:\\\/\\\/www.valenciaandgo.com\\\/wp-content\\\/uploads\\\/tours-excursiones\\\/04-excursion-bodegas-utiel-requena\\\/excursion-bodegas-utiel-requena_5.webp\",\"contentUrl\":\"https:\\\/\\\/www.valenciaandgo.com\\\/wp-content\\\/uploads\\\/tours-excursiones\\\/04-excursion-bodegas-utiel-requena\\\/excursion-bodegas-utiel-requena_5.webp\",\"width\":920,\"height\":688,\"caption\":\"Cata en vi\u00f1a en Utiel-Requena\"},{\"@type\":\"BreadcrumbList\",\"@id\":\"https:\\\/\\\/www.valenciaandgo.com\\\/packs-descuento\\\/pack-excursion-bodegas-utiel-requena-con-cata-en-vina\\\/#breadcrumb\",\"itemListElement\":[{\"@type\":\"ListItem\",\"position\":1,\"name\":\"Portada\",\"item\":\"https:\\\/\\\/www.valenciaandgo.com\\\/\"},{\"@type\":\"ListItem\",\"position\":2,\"name\":\"Tours\",\"item\":\"https:\\\/\\\/www.valenciaandgo.com\\\/tours\\\/\"},{\"@type\":\"ListItem\",\"position\":3,\"name\":\"Pack &#8211; Excursi\u00f3n Bodegas Utiel-Requena con cata en vi\u00f1a\"}]},{\"@type\":\"WebSite\",\"@id\":\"https:\\\/\\\/www.valenciaandgo.com\\\/it\\\/#website\",\"url\":\"https:\\\/\\\/www.valenciaandgo.com\\\/it\\\/\",\"name\":\"Valencia&Go\",\"description\":\"Tours por Valencia y alrededores de ciudad.\",\"publisher\":{\"@id\":\"https:\\\/\\\/www.valenciaandgo.com\\\/it\\\/#organization\"},\"potentialAction\":[{\"@type\":\"SearchAction\",\"target\":{\"@type\":\"EntryPoint\",\"urlTemplate\":\"https:\\\/\\\/www.valenciaandgo.com\\\/it\\\/?s={search_term_string}\"},\"query-input\":{\"@type\":\"PropertyValueSpecification\",\"valueRequired\":true,\"valueName\":\"search_term_string\"}}],\"inLanguage\":\"it-IT\"},{\"@type\":\"Organization\",\"@id\":\"https:\\\/\\\/www.valenciaandgo.com\\\/it\\\/#organization\",\"name\":\"Valencia&Go\",\"url\":\"https:\\\/\\\/www.valenciaandgo.com\\\/it\\\/\",\"logo\":{\"@type\":\"ImageObject\",\"inLanguage\":\"it-IT\",\"@id\":\"https:\\\/\\\/www.valenciaandgo.com\\\/it\\\/#\\\/schema\\\/logo\\\/image\\\/\",\"url\":\"https:\\\/\\\/www.valenciaandgo.com\\\/wp-content\\\/uploads\\\/2025\\\/10\\\/valencia_go-svg-blnc-iso-naranja.svg\",\"contentUrl\":\"https:\\\/\\\/www.valenciaandgo.com\\\/wp-content\\\/uploads\\\/2025\\\/10\\\/valencia_go-svg-blnc-iso-naranja.svg\",\"width\":434,\"height\":102,\"caption\":\"Valencia&Go\"},\"image\":{\"@id\":\"https:\\\/\\\/www.valenciaandgo.com\\\/it\\\/#\\\/schema\\\/logo\\\/image\\\/\"},\"sameAs\":[\"https:\\\/\\\/www.facebook.com\\\/valenciaandgo\\\/\",\"https:\\\/\\\/www.instagram.com\\\/valenciaandgo\",\"https:\\\/\\\/www.linkedin.com\\\/company\\\/valencia-go\\\/\",\"https:\\\/\\\/www.tiktok.com\\\/@valenciaandgo\"]}]}<\/script>\n<!-- \/ Yoast SEO plugin. -->","yoast_head_json":{"title":"Pacchetto - Escursione alle cantine Utiel-Requena con degustazione in vigna - Valencia&amp;Go","description":"Prenotate l'escursione alle cantine pi\u00f9 spettacolari di Valencia con guida locale, trasporto e degustazione di vini. Visitate la Toscana valenciana con Valencia&amp;Go.","robots":{"index":"index","follow":"follow","max-snippet":"max-snippet:-1","max-image-preview":"max-image-preview:large","max-video-preview":"max-video-preview:-1"},"canonical":"https:\/\/www.valenciaandgo.com\/it\/pacchetti-sconto\/pacchetto-escursione-alla-cantina-utiel-requena-con-degustazione-di-vini-nel-vigneto\/","og_locale":"it_IT","og_type":"article","og_title":"Pack - Excursi\u00f3n Bodegas Utiel-Requena con cata en vi\u00f1a - Valencia&amp;Go","og_description":"Reserva la excursi\u00f3n a las bodegas de Valencia m\u00e1s espectaculares con gu\u00eda local, transporte y cata de vinos. Recorre la Toscana valenciana con Valencia&Go.","og_url":"https:\/\/www.valenciaandgo.com\/it\/pacchetti-sconto\/pacchetto-escursione-alla-cantina-utiel-requena-con-degustazione-di-vini-nel-vigneto\/","og_site_name":"Valencia&amp;Go","article_publisher":"https:\/\/www.facebook.com\/valenciaandgo\/","article_modified_time":"2026-03-30T16:23:18+00:00","og_image":[{"width":920,"height":688,"url":"https:\/\/www.valenciaandgo.com\/wp-content\/uploads\/tours-excursiones\/04-excursion-bodegas-utiel-requena\/excursion-bodegas-utiel-requena_5.webp","type":"image\/webp"}],"twitter_card":"summary_large_image","twitter_misc":{"Tempo di lettura stimato":"5 minuti"},"schema":{"@context":"https:\/\/schema.org","@graph":[{"@type":"WebPage","@id":"https:\/\/www.valenciaandgo.com\/packs-descuento\/pack-excursion-bodegas-utiel-requena-con-cata-en-vina\/","url":"https:\/\/www.valenciaandgo.com\/packs-descuento\/pack-excursion-bodegas-utiel-requena-con-cata-en-vina\/","name":"Pacchetto - Escursione alle cantine Utiel-Requena con degustazione in vigna - Valencia&amp;Go","isPartOf":{"@id":"https:\/\/www.valenciaandgo.com\/it\/#website"},"primaryImageOfPage":{"@id":"https:\/\/www.valenciaandgo.com\/packs-descuento\/pack-excursion-bodegas-utiel-requena-con-cata-en-vina\/#primaryimage"},"image":{"@id":"https:\/\/www.valenciaandgo.com\/packs-descuento\/pack-excursion-bodegas-utiel-requena-con-cata-en-vina\/#primaryimage"},"thumbnailUrl":"https:\/\/www.valenciaandgo.com\/wp-content\/uploads\/tours-excursiones\/04-excursion-bodegas-utiel-requena\/excursion-bodegas-utiel-requena_5.webp","datePublished":"2026-02-06T17:08:49+00:00","dateModified":"2026-03-30T16:23:18+00:00","description":"Prenotate l'escursione alle cantine pi\u00f9 spettacolari di Valencia con guida locale, trasporto e degustazione di vini. Visitate la Toscana valenciana con Valencia&amp;Go.","breadcrumb":{"@id":"https:\/\/www.valenciaandgo.com\/packs-descuento\/pack-excursion-bodegas-utiel-requena-con-cata-en-vina\/#breadcrumb"},"inLanguage":"it-IT","potentialAction":[{"@type":"ReadAction","target":["https:\/\/www.valenciaandgo.com\/packs-descuento\/pack-excursion-bodegas-utiel-requena-con-cata-en-vina\/"]}]},{"@type":"ImageObject","inLanguage":"it-IT","@id":"https:\/\/www.valenciaandgo.com\/packs-descuento\/pack-excursion-bodegas-utiel-requena-con-cata-en-vina\/#primaryimage","url":"https:\/\/www.valenciaandgo.com\/wp-content\/uploads\/tours-excursiones\/04-excursion-bodegas-utiel-requena\/excursion-bodegas-utiel-requena_5.webp","contentUrl":"https:\/\/www.valenciaandgo.com\/wp-content\/uploads\/tours-excursiones\/04-excursion-bodegas-utiel-requena\/excursion-bodegas-utiel-requena_5.webp","width":920,"height":688,"caption":"Cata en vi\u00f1a en Utiel-Requena"},{"@type":"BreadcrumbList","@id":"https:\/\/www.valenciaandgo.com\/packs-descuento\/pack-excursion-bodegas-utiel-requena-con-cata-en-vina\/#breadcrumb","itemListElement":[{"@type":"ListItem","position":1,"name":"Portada","item":"https:\/\/www.valenciaandgo.com\/"},{"@type":"ListItem","position":2,"name":"Tours","item":"https:\/\/www.valenciaandgo.com\/tours\/"},{"@type":"ListItem","position":3,"name":"Pack &#8211; Excursi\u00f3n Bodegas Utiel-Requena con cata en vi\u00f1a"}]},{"@type":"WebSite","@id":"https:\/\/www.valenciaandgo.com\/it\/#website","url":"https:\/\/www.valenciaandgo.com\/it\/","name":"Valencia&amp;Go","description":"Tour di Valencia e dintorni.","publisher":{"@id":"https:\/\/www.valenciaandgo.com\/it\/#organization"},"potentialAction":[{"@type":"SearchAction","target":{"@type":"EntryPoint","urlTemplate":"https:\/\/www.valenciaandgo.com\/it\/?s={search_term_string}"},"query-input":{"@type":"PropertyValueSpecification","valueRequired":true,"valueName":"search_term_string"}}],"inLanguage":"it-IT"},{"@type":"Organization","@id":"https:\/\/www.valenciaandgo.com\/it\/#organization","name":"Valencia&amp;Go","url":"https:\/\/www.valenciaandgo.com\/it\/","logo":{"@type":"ImageObject","inLanguage":"it-IT","@id":"https:\/\/www.valenciaandgo.com\/it\/#\/schema\/logo\/image\/","url":"https:\/\/www.valenciaandgo.com\/wp-content\/uploads\/2025\/10\/valencia_go-svg-blnc-iso-naranja.svg","contentUrl":"https:\/\/www.valenciaandgo.com\/wp-content\/uploads\/2025\/10\/valencia_go-svg-blnc-iso-naranja.svg","width":434,"height":102,"caption":"Valencia&Go"},"image":{"@id":"https:\/\/www.valenciaandgo.com\/it\/#\/schema\/logo\/image\/"},"sameAs":["https:\/\/www.facebook.com\/valenciaandgo\/","https:\/\/www.instagram.com\/valenciaandgo","https:\/\/www.linkedin.com\/company\/valencia-go\/","https:\/\/www.tiktok.com\/@valenciaandgo"]}]}},"_links":{"self":[{"href":"https:\/\/www.valenciaandgo.com\/it\/wp-json\/wp\/v2\/product\/6447","targetHints":{"allow":["GET"]}}],"collection":[{"href":"https:\/\/www.valenciaandgo.com\/it\/wp-json\/wp\/v2\/product"}],"about":[{"href":"https:\/\/www.valenciaandgo.com\/it\/wp-json\/wp\/v2\/types\/product"}],"version-history":[{"count":0,"href":"https:\/\/www.valenciaandgo.com\/it\/wp-json\/wp\/v2\/product\/6447\/revisions"}],"wp:featuredmedia":[{"embeddable":true,"href":"https:\/\/www.valenciaandgo.com\/it\/wp-json\/wp\/v2\/media\/5577"}],"wp:attachment":[{"href":"https:\/\/www.valenciaandgo.com\/it\/wp-json\/wp\/v2\/media?parent=6447"}],"wp:term":[{"taxonomy":"product_cat","embeddable":true,"href":"https:\/\/www.valenciaandgo.com\/it\/wp-json\/wp\/v2\/product_cat?post=6447"},{"taxonomy":"product_tag","embeddable":true,"href":"https:\/\/www.valenciaandgo.com\/it\/wp-json\/wp\/v2\/product_tag?post=6447"}],"curies":[{"name":"wp","href":"https:\/\/api.w.org\/{rel}","templated":true}]}}